{"id":1358,"date":"2022-01-05T14:15:03","date_gmt":"2022-01-05T14:15:03","guid":{"rendered":"https:\/\/thesmilemission.com\/es\/?page_id=1358"},"modified":"2023-02-10T09:04:55","modified_gmt":"2023-02-10T09:04:55","slug":"new-patient","status":"publish","type":"page","link":"https:\/\/thesmilemission.com\/es\/new-patient\/","title":{"rendered":"New Patient"},"content":{"rendered":"<div class=\"bt_bb_wrapper\"><section id=\"bt_section69d7284196117\"  class=\"boldSection topSemiSpaced btDarkSkin gutter inherit wBackground cover btAccentColorBackground\" style=\"background-image:url('https:\/\/thesmilemission.com\/es\/wp-content\/uploads\/2015\/12\/bllurred-background.jpg');\"><div class=\"port\"><div class=\"boldCell\"><div class=\"boldCellInner\"><div class=\"boldRow  \" ><div class=\"boldRowInner\"><div class=\"rowItem col-md-12 col-ms-12  btTextLeft animate animate-fadein animate-moveleft inherit\"  ><div class=\"rowItemContent\" ><div class=\"btClear btSeparator topExtraSpaced bottomSmallSpaced noBorder\" ><hr><\/div><header class=\"header btClear extralarge btDash topDash  btNormalDash\" ><div class=\"btSuperTitle\">Nuevo paciente<\/div><div class=\"btSubTitle\">Esperamos convertirnos en su futuro dentista.<\/div><\/header><div class=\"btClear btSeparator topExtraSmallSpaced bottomSmallSpaced noBorder\" ><hr><\/div><\/div><\/div><\/div><\/div><\/div><\/div><\/div><\/section><section id=\"bt_section69d7284196387\"  class=\"boldSection gutter\" ><div class=\"port\"><div class=\"boldCell\"><div class=\"boldCellInner\"><div class=\"boldRow  \" ><div class=\"boldRowInner\"><div class=\"rowItem col-md-6 col-sm-12 btTextLeft\"  ><div class=\"rowItemContent\" ><div class=\"btClear btSeparator topSpaced noBorder\" ><hr><\/div><div class=\"bpgPhoto btTextCenter btSimpleHoverType\" ><div class=\"btImage\"><img decoding=\"async\" src=\"https:\/\/thesmilemission.com\/es\/wp-content\/uploads\/2022\/01\/doctorwelcome.jpg\" alt=\"\" title=\"\"><\/div><\/div><div class=\"btClear btSeparator topSpaced noBorder\" ><hr><\/div><\/div><\/div><div class=\"rowItem col-md-6 col-sm-12 btTextLeft\"  ><div class=\"rowItemContent\" ><div class=\"btClear btSeparator topSpaced noBorder\" ><hr><\/div><header class=\"header btClear medium btDash topDash  btAccentDash\" ><div class=\"dash\"><h3><span class=\"headline\">Bienvenidos! Estamos encantados de tenerle como nuevo paciente.\r<br><\/span><\/h3><\/div><div class=\"btSubTitle\">En The Smile Mission, ofrecemos un servicio de primera calidad a algunos de los precios m\u00e1s bajos del pa\u00eds.\r<br>\r<br>Hacemos la mayor\u00eda de los procedimientos dentales, pero nos especializamos en Implantes, Carillas, Reconstrucci\u00f3n Completa, Botox, Blanqueamiento y Brackets.\r<br><\/div><\/header><div class=\"servicesItem  btIcoAccentColorIcon btIcoMediumSizeIcon insu \"><div class=\"sIcon\"><span class=\"btIco btIcoMediumSize btIcoDefaultType btIcoAccentColor\" ><span  data-ico-fa=\"&#xf05d;\" class=\"btIcoHolder\"><em><\/em><\/span><\/span><\/div><div class=\"sTxt\"><header class=\"header btClear small\" ><div class=\"dash\"><h4><span class=\"headline\">Las consultas son y ser\u00e1n siempre GRATIS. Las radiograf\u00edas tambi\u00e9n se eximen si decide no hacer nada.<\/span><\/h4><\/div><\/header><p><\/p><\/div><\/div><div class=\"servicesItem  btIcoAccentColorIcon btIcoMediumSizeIcon insu \"><div class=\"sIcon\"><span class=\"btIco btIcoMediumSize btIcoDefaultType btIcoAccentColor\" ><span  data-ico-fa=\"&#xf05d;\" class=\"btIcoHolder\"><em><\/em><\/span><\/span><\/div><div class=\"sTxt\"><header class=\"header btClear small\" ><div class=\"dash\"><h4><span class=\"headline\">Seguros: aceptamos m\u00e1s de 100 seguros Para mantener las cosas organizadas, aseg\u00farese de verificar su seguro por tel\u00e9fono cuando programe su cita. Si no podemos verificarlo en l\u00ednea, necesitaremos 3 d\u00edas para verificarlo. Si no podemos verificarlo, lo llamaremos 24 horas antes y le informaremos<\/span><\/h4><\/div><\/header><p><\/p><\/div><\/div><div class=\"servicesItem  btIcoAccentColorIcon btIcoMediumSizeIcon insu \"><div class=\"sIcon\"><span class=\"btIco btIcoMediumSize btIcoDefaultType btIcoAccentColor\" ><span  data-ico-fa=\"&#xf05d;\" class=\"btIcoHolder\"><em><\/em><\/span><\/span><\/div><div class=\"sTxt\"><header class=\"header btClear small\" ><div class=\"dash\"><h4><span class=\"headline\">Ven temprano. El tr\u00e1fico puede variar mucho en Miami. Si llega despu\u00e9s de 15 minutos, tendremos que reprogramarlo.<\/span><\/h4><\/div><\/header><p><\/p><\/div><\/div><div class=\"servicesItem  btIcoAccentColorIcon btIcoMediumSizeIcon insu \"><div class=\"sIcon\"><span class=\"btIco btIcoMediumSize btIcoDefaultType btIcoAccentColor\" ><span  data-ico-fa=\"&#xf05d;\" class=\"btIcoHolder\"><em><\/em><\/span><\/span><\/div><div class=\"sTxt\"><header class=\"header btClear small\" ><div class=\"dash\"><h4><span class=\"headline\">Si necesita cancelar, reprogramar o cambiar la cita, por favor av\u00edsenos con 24 horas de anticipaci\u00f3n o podr\u00eda incurrir en un cargo.<\/span><\/h4><\/div><\/header><p><\/p><\/div><\/div><div class=\"servicesItem  btIcoAccentColorIcon btIcoMediumSizeIcon insu \"><div class=\"sIcon\"><span class=\"btIco btIcoMediumSize btIcoDefaultType btIcoAccentColor\" ><span  data-ico-fa=\"&#xf05d;\" class=\"btIcoHolder\"><em><\/em><\/span><\/span><\/div><div class=\"sTxt\"><header class=\"header btClear small\" ><div class=\"dash\"><h4><span class=\"headline\">Tratamos de ahorrarle viajes extra haciendo el trabajo el mismo d\u00eda (extracciones, coronas, carillas, implantes y m\u00e1s). La mayor\u00eda de las oficinas le har\u00e1n venir otro d\u00eda para los procedimientos. El mismo d\u00eda se basa en el orden de llegada. A menudo no hay que esperar, pero si llegan varios pacientes nuevos antes que usted, podr\u00eda haber una espera.<\/span><\/h4><\/div><\/header><p><\/p><\/div><\/div><div class=\"btClear btSeparator bottomSmallSpaced noBorder\" ><hr><\/div><\/div><\/div><\/div><\/div><\/div><\/div><\/div><\/section><section id=\"bt_section69d7284197489\" data-parallax=\"0.2\" data-parallax-offset=\"0\" class=\"boldSection topSemiSpaced gutter inherit btParallax\" ><div class=\"port\"><div class=\"boldCell\"><div class=\"boldCellInner\"><div class=\"boldRow  \" ><div class=\"boldRowInner\"><div class=\"rowItem col-md-6 col-sm-12 btTextLeft animate animate-fadein inherit\"  ><div class=\"rowItemContent\" ><div class=\"btClear btSeparator bottomSemiSpaced noBorder\" ><hr><\/div><div class=\"btClear btSeparator bottomSemiSpaced noBorder\" ><hr><\/div><header class=\"header btClear medium btDash bottomDash  btNormalDash\" ><div class=\"dash\"><h3><span class=\"headline\">Puede completar formularios para pacientes nuevos en un tiempo:<\/span><\/h3><\/div><div class=\"btSubTitle\">Esperamos convertirnos en su futuro dentista.\r<br>Esperamos verte en ene 3 @ 9:00 AM!\r<br><\/div><\/header><a href=\"https:\/\/thesmilemission.com\/es\/wp-content\/uploads\/2021\/10\/NewPatientFormsSpanish.pdf\" class=\"btBtn btBtn btnOutlineStyle btnAccentColor btnMedium btnNormalWidth btnRightPosition btnNoIcon\" ><span class=\"btnInnerText\">haga clic aqu\u00ed<\/span><\/a><div class=\"btClear btSeparator bottomSemiSpaced noBorder\" ><hr><\/div><\/div><\/div><div class=\"rowItem col-md-6 col-sm-12 btTextLeft\"  ><div class=\"rowItemContent\" ><div class=\"bpgPhoto btTextCenter\" ><div class=\"btImage\"><img decoding=\"async\" src=\"https:\/\/thesmilemission.com\/es\/wp-content\/uploads\/2022\/01\/istockphoto-1191968415-612x612-1.jpg\" alt=\"\" title=\"\"><\/div><\/div><\/div><\/div><\/div><\/div><\/div><\/div><\/div><\/section><section id=\"bt_section69d7284197d36\"  class=\"boldSection topSemiSpaced bottomSpaced gutter inherit\" style=\"background-color:#f1f1f1;\"><div class=\"port\"><div class=\"boldCell\"><div class=\"boldCellInner\"><div class=\"boldRow  \" ><div class=\"boldRowInner\"><div class=\"rowItem btRightBorder col-md-4 col-ms-12 btTextLeft animate animate-fadein animate-moveup btTextIndent inherit btDoublePadding\"  ><div class=\"rowItemContent\" ><div class=\"btClear btSeparator topSmallSpaced noBorder\" ><hr><\/div><header class=\"header btClear medium  btNormalDash\" ><div class=\"btSuperTitle\">Reserve una visita con el Dr. Dustin Pfundheller<\/div><div class=\"dash\"><h3><span class=\"headline\">HORARIOS LABORALES\r<br><\/span><\/h3><\/div><\/header><div class=\"btClear btSeparator topSmallSpaced noBorder\" ><hr><\/div><div class=\"btWorkingHours  \" ><div class=\"btWorkingHoursInner\"><div class=\"btWorkingHoursInnerRow\"><div class=\"btWorkingHoursInnerTitle\">LUNES <\/div><div class=\"btWorkingHoursInnerContent\">08:00AM -8:00 PM<\/div><\/div><div class=\"btWorkingHoursInnerRow\"><div class=\"btWorkingHoursInnerTitle\">MARTES <\/div><div class=\"btWorkingHoursInnerContent\">08:00AM -8:00 PM<\/div><\/div><div class=\"btWorkingHoursInnerRow\"><div class=\"btWorkingHoursInnerTitle\">MI\u00c9RCOLES <\/div><div class=\"btWorkingHoursInnerContent\">08:00AM -8:00 PM<\/div><\/div><div class=\"btWorkingHoursInnerRow\"><div class=\"btWorkingHoursInnerTitle\">JUEVES <\/div><div class=\"btWorkingHoursInnerContent\">08:00AM -8:00 PM<\/div><\/div><div class=\"btWorkingHoursInnerRow\"><div class=\"btWorkingHoursInnerTitle\">VIERNES <\/div><div class=\"btWorkingHoursInnerContent\">08:00AM -8:00 PM<\/div><\/div><div class=\"btWorkingHoursInnerRow\"><div class=\"btWorkingHoursInnerTitle\">SABADO <\/div><div class=\"btWorkingHoursInnerContent\">08:00AM -8:00 PM<\/div><\/div><\/div><\/div><div class=\"btClear btSeparator bottomSemiSpaced border\" ><hr><\/div><div class=\"btClear btSeparator topExtraSmallSpaced noBorder\" ><hr><\/div><header class=\"header btClear medium  btNormalDash\" ><div class=\"btSuperTitle\">P\u00f3ngase en contacto con el Dr. Dustin Pfundheller<\/div><div class=\"dash\"><h3><span class=\"headline\">DATOS DE CONTACTO<\/span><\/h3><\/div><\/header><div class=\"btClear btSeparator topExtraSmallSpaced noBorder\" ><hr><\/div><div class=\"btIconImageRow btIconsNormalPosition\" ><span class=\"btIco btIcoDefaultType btIcoSmallSize btIcoDefaultColor   \" ><a href=\"tel:786-701-8246\"  target = \"no_target\" data-ico-fa=\"&#xf095;\" class=\"btIcoHolder\"><em><\/em><span class=\"btIcoText\">786-701-8246<\/span><\/a><\/span><\/div><div class=\"btClear btSeparator topExtraSmallSpaced noBorder\" ><hr><\/div><div class=\"btIconImageRow btIconsNormalPosition\" ><span class=\"btIco btIcoDefaultType btIcoSmallSize btIcoDefaultColor   \" ><a href=\"mailto:info@thesmilemission.com\"  target = \"no_target\" data-ico-fa=\"&#xf003;\" class=\"btIcoHolder\"><em><\/em><span class=\"btIcoText\">info@thesmilemission.com<\/span><\/a><\/span><\/div><div class=\"btClear btSeparator topExtraSmallSpaced noBorder\" ><hr><\/div><div class=\"btIconImageRow btIconsNormalPosition\" ><span class=\"btIco btIcoDefaultType btIcoSmallSize btIcoDefaultColor   \" ><a href=\"https:\/\/nicesmiledentallab.com\/es\/book-an-appointment\/\"  target = \"no_target\" data-ico-fa=\"&#xf073;\" class=\"btIcoHolder\"><em><\/em><span class=\"btIcoText\">Book appointment<\/span><\/a><\/span><\/div><div class=\"btClear btSeparator topSemiSpaced noBorder\" ><hr><\/div><\/div><\/div><div class=\"rowItem col-md-8 col-ms-12 btTextLeft animate animate-fadein inherit btDoublePadding\"  ><div class=\"rowItemContent\" ><div class=\"btText\" ><p>El Dr. Dustin Pfundheller, D.M.D, fue criado por dos maestros de escuelas p\u00fablicas en Altoona, Wisconsin, una peque\u00f1a ciudad a dos horas al este de Minneapolis. Como valedictorian de la escuela secundaria, Dustin se sumergi\u00f3 en deportes, m\u00fasica y actividades de liderazgo. Se especializ\u00f3 en matem\u00e1ticas en la Universidad de Wisconsin \u2013River Falls estableciendo un r\u00e9cord universitario en cursos de honores. Estaba emocionado de escapar de los inviernos de Wisconsin asistiendo a la Facultad de Odontolog\u00eda de la Universidad de Florida en Gainesville, donde fue director de vivienda y presidi\u00f3 varias organizaciones, entre ellas: Dental Student Government, The Florida American Student Dental Association y Graduate Student Government.<\/p>\n<p>El Dr. Pfundheller se traslad\u00f3 a trabajar como cirujano dental en Singapur. Adem\u00e1s del sol constante de Singapur, disfrutaba de un horario flexible que le permit\u00eda viajar. \u00a1Trabaj\u00f3 largas jornadas para acumular tiempo libre y visitar todos los pa\u00edses del mundo! En sus viajes, se ofreci\u00f3 como dentista voluntario en m\u00e1s de 30 pa\u00edses, centr\u00e1ndose en lugares que ten\u00edan una gran necesidad de voluntarios: Pitcairn, Tuvalu, Siria, Israel, Ruanda, Mauritania y muchos m\u00e1s. En el S\u00e1hara Occidental, \u00e9l y un grupo de internos espa\u00f1oles trabajaron a temperaturas de 120 grados, ayudando a cientos de personas que viv\u00edan en tiendas de campa\u00f1a en el desierto. Tras su paso por Yemen, donde conoci\u00f3 y ayud\u00f3 a tres hermanas que padec\u00edan el s\u00edndrome de Papillon-Lefevre. Incluso despu\u00e9s de experimentar el mundo entero, no hay lugar donde el Dr. Pfundheller prefiera estar que el estado natal de su alma mater: \u00a1Florida! Espera conocer pacientes y mejorar las sonrisas en The Smile Mission.<\/p>\n<\/div><div class=\"btClear btSeparator topExtraSmallSpaced noBorder\" ><hr><\/div><div class=\"bt_bb_video bt_bb_disable_controls_no\"><div class=\"bt-video-container\"><div style=\"width: 100%;\" class=\"wp-video\"><!--[if lt IE 9]><script>document.createElement('video');<\/script><![endif]-->\n<video class=\"wp-video-shortcode\" id=\"video-1358-1\" width=\"640\" height=\"360\" preload=\"metadata\" controls=\"controls\"><source type=\"video\/youtube\" src=\"https:\/\/www.youtube.com\/watch?v=1WeomkbUcaw&#038;feature=emb_imp_woyt&#038;_=1\" \/><a href=\"https:\/\/www.youtube.com\/watch?v=1WeomkbUcaw&#038;feature=emb_imp_woyt\">https:\/\/www.youtube.com\/watch?v=1WeomkbUcaw&#038;feature=emb_imp_woyt<\/a><\/video><\/div><\/div><\/div><\/div><\/div><\/div><\/div><\/div><\/div><\/div><\/section><section id=\"bt_section69d7284198d97\" data-parallax=\"0.3\" data-parallax-offset=\"0\" class=\"boldSection gutter inherit btParallax wBackground cover\" style=\"background-image:url('https:\/\/thesmilemission.com\/es\/wp-content\/uploads\/2015\/11\/shutterstock_272306351.jpg');margin-top: -20px;\"><div class=\"port\"><div class=\"boldCell\"><div class=\"boldCellInner\"><div class=\"boldRow  \" ><div class=\"boldRowInner\"><div class=\"rowItem col-md-6 col-sm-12 btTextLeft animate animate-fadein animate-moveright inherit\"  ><div class=\"rowItemContent\" ><div class=\"btClear btSeparator topSmallSpaced bottomSmallSpaced noBorder\" ><hr><\/div><header class=\"header btClear large btDash topDash  btAccentDash\" ><div class=\"btSuperTitle\">Dr Dustin Pfundheller<\/div><div class=\"dash\"><h2><span class=\"headline\"><b class=\"animate\">Conoce a tu dentista<\/b><\/span><\/h2><\/div><div class=\"btSubTitle\">El Dr. Dustin Pfundheller, D.M.D, fue criado por dos maestros de escuelas p\u00fablicas en Altoona, Wisconsin, una peque\u00f1a ciudad a dos horas al este de Minneapolis. Como valedictorian de la escuela secundaria, Dustin se sumergi\u00f3 en deportes, m\u00fasica y actividades de liderazgo. Se especializ\u00f3 en matem\u00e1ticas en la Universidad de Wisconsin \u2013River Falls estableciendo un r\u00e9cord universitario en cursos de honores. Estaba emocionado de escapar de los inviernos de Wisconsin asistiendo a la Facultad de Odontolog\u00eda de la Universidad de Florida en Gainesville, donde fue director de vivienda y presidi\u00f3 varias organizaciones, entre ellas: Dental Student Government, The Florida American Student Dental Association y Graduate Student Government.<\/div><\/header><div class=\"btClear btSeparator bottomSemiSpaced noBorder\" ><hr><\/div><\/div><\/div><div class=\"rowItem col-md-6 col-sm-12 btTextLeft animate animate-fadein animate-moveleft btBottomVertical\"  ><div class=\"rowItemContent\" ><div class=\"btClear btSeparator topExtraSmallSpaced bottomExtraSmallSpaced noBorder\" ><hr><\/div><div class=\"bpgPhoto btTextCenter\" ><div class=\"btImage\"><img decoding=\"async\" src=\"https:\/\/thesmilemission.com\/es\/wp-content\/uploads\/2021\/08\/pfundheller-1-removebg-preview.png\" alt=\"\" title=\"\"><\/div><\/div><\/div><\/div><\/div><\/div><\/div><\/div><\/div><\/section><section id=\"contact\"  class=\"boldSection btDarkSkin gutter inherit\" ><div class=\"port\"><div class=\"boldCell\"><div class=\"boldCellInner\"><div class=\"boldRow  \" ><div class=\"boldRowInner\"><div class=\"rowItem col-md-6 col-sm-12 btTextLeft inherit\"  ><div class=\"rowItemContent\" ><div class=\"btClear btSeparator bottomSemiSpaced noBorder\" ><hr><\/div><header class=\"header btClear medium  btNormalDash\" ><div class=\"dash\"><h3><span class=\"headline\">HORAS LABORALES<\/span><\/h3><\/div><\/header><div class=\"btClear btSeparator topExtraSmallSpaced noBorder\" ><hr><\/div><div class=\"btWorkingHours  \" ><div class=\"btWorkingHoursInner\"><div class=\"btWorkingHoursInnerRow\"><div class=\"btWorkingHoursInnerTitle\">Lun-dom = 8 AM \u2013 8 PM<\/div><\/div><\/div><\/div><div class=\"btClear btSeparator topSemiSpaced noBorder\" ><hr><\/div><header class=\"header btClear medium  btNormalDash\" ><div class=\"dash\"><h3><span class=\"headline\">DETALLES DE CONTACTO<\/span><\/h3><\/div><\/header><div class=\"btClear btSeparator topExtraSmallSpaced noBorder\" ><hr><\/div><div class=\"btIconImageRow\" ><span class=\"btIco btIcoDefaultType btIcoExtraSmallSize btIcoDefaultColor   \" ><a href=\"https:\/\/g.page\/thesmilemissionflorida?share\"  target = \"no_target\" data-ico-s7=\"&#xe638;\" class=\"btIcoHolder\"><em><\/em><span class=\"btIcoText\">9900 SW 168th Street, Miami, FL 33157<\/span><\/a><\/span><\/div><div class=\"btClear btSeparator topExtraSmallSpaced bottomExtraSmallSpaced noBorder\" ><hr><\/div><div class=\"btIconImageRow\" ><span class=\"btIco btIcoDefaultType btIcoExtraSmallSize btIcoDefaultColor   \" ><a href=\"mailto:%20info@thesmilemission.com\"  target = \"no_target\" data-ico-s7=\"&#xe639;\" class=\"btIcoHolder\"><em><\/em><span class=\"btIcoText\">info@thesmilemission.com<\/span><\/a><\/span><\/div><div class=\"btClear btSeparator topExtraSmallSpaced bottomExtraSmallSpaced noBorder\" ><hr><\/div><div class=\"btIconImageRow\" ><span class=\"btIco btIcoDefaultType btIcoExtraSmallSize btIcoDefaultColor   \" ><a href=\"tel:%20786-701-8246\"  target = \"no_target\" data-ico-s7=\"&#xe670;\" class=\"btIcoHolder\"><em><\/em><span class=\"btIcoText\">786-701-8246<\/span><\/a><\/span><\/div><div class=\"btClear btSeparator bottomSemiSpaced noBorder\" ><hr><\/div><\/div><\/div><div class=\"rowItem col-md-6 col-sm-12 btTextLeft\"  ><div class=\"rowItemContent\" ><div class=\"btClear btSeparator bottomExtraSmallSpaced noBorder\" ><hr><\/div><div class=\"btClear btSeparator bottomExtraSmallSpaced noBorder\" ><hr><\/div><div class=\"btClear btSeparator bottomExtraSmallSpaced noBorder\" ><hr><\/div><iframe src=\"https:\/\/www.google.com\/maps\/embed?pb=!1m14!1m8!1m3!1d14390.97956942754!2d-80.352247!3d25.613392!3m2!1i1024!2i768!4f13.1!3m3!1m2!1s0x0%3A0x2f9e668e52af57b!2sThe%20Smile%20Mission!5e0!3m2!1sen!2sus!4v1628790814784!5m2!1sen!2sus\" width=\"100%\" height=\"800px\" style=\"border:0; height:600px!important;\" allowfullscreen=\"\" loading=\"lazy\"><\/iframe><\/div><\/div><\/div><\/div><\/div><\/div><\/div><\/section><\/div>","protected":false},"excerpt":{"rendered":"<p>Estamos encantados de tenerle como nuevo paciente. At The Smile Mission, we offer premium quality service at some of the lowest prices in the country.<\/p>\n","protected":false},"author":3,"featured_media":0,"parent":0,"menu_order":0,"comment_status":"closed","ping_status":"closed","template":"","meta":{"om_disable_all_campaigns":false,"footnotes":""},"class_list":["post-1358","page","type-page","status-publish","hentry"],"_links":{"self":[{"href":"https:\/\/thesmilemission.com\/es\/wp-json\/wp\/v2\/pages\/1358"}],"collection":[{"href":"https:\/\/thesmilemission.com\/es\/wp-json\/wp\/v2\/pages"}],"about":[{"href":"https:\/\/thesmilemission.com\/es\/wp-json\/wp\/v2\/types\/page"}],"author":[{"embeddable":true,"href":"https:\/\/thesmilemission.com\/es\/wp-json\/wp\/v2\/users\/3"}],"replies":[{"embeddable":true,"href":"https:\/\/thesmilemission.com\/es\/wp-json\/wp\/v2\/comments?post=1358"}],"version-history":[{"count":8,"href":"https:\/\/thesmilemission.com\/es\/wp-json\/wp\/v2\/pages\/1358\/revisions"}],"predecessor-version":[{"id":1910,"href":"https:\/\/thesmilemission.com\/es\/wp-json\/wp\/v2\/pages\/1358\/revisions\/1910"}],"wp:attachment":[{"href":"https:\/\/thesmilemission.com\/es\/wp-json\/wp\/v2\/media?parent=1358"}],"curies":[{"name":"wp","href":"https:\/\/api.w.org\/{rel}","templated":true}]}}