{"id":1618,"date":"2023-01-16T11:13:27","date_gmt":"2023-01-16T11:13:27","guid":{"rendered":"https:\/\/thesmilemission.com\/es\/?page_id=1618"},"modified":"2025-07-24T06:37:12","modified_gmt":"2025-07-24T06:37:12","slug":"financing","status":"publish","type":"page","link":"https:\/\/thesmilemission.com\/es\/about-us\/financing\/","title":{"rendered":"Financing"},"content":{"rendered":"<div class=\"bt_bb_wrapper\"><section id=\"bt_section69d69201a67eb\"  class=\"boldSection topSemiSpaced btDarkSkin gutter inherit wBackground cover btAccentColorBackground\" style=\"background-image:url('https:\/\/thesmilemission.com\/es\/wp-content\/uploads\/2015\/12\/bllurred-background.jpg');\"><div class=\"port\"><div class=\"boldCell\"><div class=\"boldCellInner\"><div class=\"boldRow  \" ><div class=\"boldRowInner\"><div class=\"rowItem col-md-12 col-ms-12  btTextLeft animate animate-fadein animate-moveleft inherit\"  ><div class=\"rowItemContent\" ><div class=\"btClear btSeparator topExtraSpaced bottomSmallSpaced noBorder\" ><hr><\/div><div class=\"btText\" ><div class=\"aioseo-breadcrumbs\"><span class=\"aioseo-breadcrumb\">\n\tHome\n<\/span><\/div><\/div><div class=\"btClear btSeparator topExtraSmallSpaced noBorder\" ><hr><\/div><header class=\"header btClear large  btNormalDash\" ><div class=\"dash\"><h2><span class=\"headline\">Financiaci\u00f3n<\/span><\/h2><\/div><\/header><div class=\"btClear btSeparator topExtraSmallSpaced bottomSmallSpaced noBorder\" ><hr><\/div><\/div><\/div><\/div><\/div><\/div><\/div><\/div><\/section><section id=\"bt_section69d69201a7010\"  class=\"boldSection gutter inherit\" ><div class=\"port\"><div class=\"boldCell\"><div class=\"boldCellInner\"><div class=\"boldRow  \" ><div class=\"boldRowInner\"><div class=\"rowItem col-md-12 col-ms-12  btTextLeft\"  ><div class=\"rowItemContent\" ><div class=\"btClear btSeparator topSmallSpaced bottomSmallSpaced noBorder\" ><hr><\/div><\/div><\/div><\/div><\/div><div class=\"boldRow  \" ><div class=\"boldRowInner\"><div class=\"rowItem col-md-8 col-ms-12 btTextLeft animate animate-fadein inherit\"  ><div class=\"rowItemContent\" ><div class=\"bpgPhoto btTextCenter btSimpleHoverType\" ><div class=\"btImage\"><img decoding=\"async\" src=\"https:\/\/thesmilemission.com\/es\/wp-content\/uploads\/2023\/08\/funance.png\" alt=\"\" title=\"\"><\/div><\/div><\/div><\/div><div class=\"rowItem col-md-4 col-ms-12 btTextLeft inherit\"  ><div class=\"rowItemContent\" ><div class=\"btClear btSeparator topSmallSpaced bottomSmallSpaced noBorder\" ><hr><\/div><div class=\"btClear btSeparator topSmallSpaced bottomSmallSpaced noBorder\" ><hr><\/div><header class=\"header btClear extralarge paymnt btNormalDash\" style=\"background-color:black; padding: 28px; color: white;\"><div class=\"dash\"><h1><span class=\"headline\">PAGO\r<br>PLAN\r<br>OPCIONES<\/span><\/h1><\/div><\/header><div class=\"btClear btSeparator topSmallSpaced bottomSmallSpaced noBorder\" ><hr><\/div><div class=\"btText\" ><h4>La Misi\u00f3n Sonrisa ofrece algunos<br \/>\nde las tarifas m\u00e1s bajas de todo<br \/>\npa\u00eds \u2013 porque todos<br \/>\nmerece sonre\u00edr!<\/h4>\n<\/div><div class=\"btClear btSeparator topSmallSpaced bottomSmallSpaced noBorder\" ><hr><\/div><div class=\"btText\" ><h4>Ofrecemos una variedad de pagos.<br \/>\nopciones que le ayudar\u00e1n a poder<br \/>\n\u00a1Financia la sonrisa de tus sue\u00f1os!<\/h4>\n<\/div><\/div><\/div><\/div><\/div><div class=\"boldRow  \" ><div class=\"boldRowInner\"><div class=\"rowItem col-md-12 col-ms-12  btTextLeft\"  ><div class=\"rowItemContent\" ><div class=\"btClear btSeparator topSmallSpaced bottomSmallSpaced noBorder\" ><hr><\/div><\/div><\/div><\/div><\/div><\/div><\/div><\/div><\/section><section id=\"bt_section69d69201a7c0a\"  class=\"boldSection gutter inherit\" style=\"background-color:rgb(240,242,249);\"><div class=\"port\"><div class=\"boldCell\"><div class=\"boldCellInner\"><div class=\"boldRow  \" ><div class=\"boldRowInner\"><div class=\"rowItem col-md-6 col-sm-12 btTextLeft animate animate-fadein inherit\"  ><div class=\"rowItemContent\" ><div class=\"btClear btSeparator topSmallSpaced bottomSmallSpaced noBorder\" ><hr><\/div><div class=\"bpgPhoto btTextCenter btSimpleHoverType\"  style=\"width:50%;\"><div class=\"btImage\"><img decoding=\"async\" src=\"https:\/\/thesmilemission.com\/es\/wp-content\/uploads\/2023\/08\/Capture4-2.png\" alt=\"\" title=\"\"><\/div><\/div><div class=\"btClear btSeparator topSmallSpaced bottomSmallSpaced noBorder\" ><hr><\/div><div class=\"servicesItem  btIcoAccentColorIcon btIcoSmallSizeIcon child \"><div class=\"sIcon\"><span class=\"btIco btIcoSmallSize btIcoOutlineType btIcoAccentColor\" ><span  data-ico-fa=\"&#xf00c;\" class=\"btIcoHolder\"><em><\/em><\/span><\/span><\/div><div class=\"sTxt\"><header class=\"header btClear small\" ><div class=\"dash\"><h4><span class=\"headline\">Verificaci\u00f3n de cr\u00e9dito suave (no afecta la puntuaci\u00f3n de cr\u00e9dito)<\/span><\/h4><\/div><\/header><p><\/p><\/div><\/div><div class=\"servicesItem  btIcoAccentColorIcon btIcoSmallSizeIcon child \"><div class=\"sIcon\"><span class=\"btIco btIcoSmallSize btIcoOutlineType btIcoAccentColor\" ><span  data-ico-fa=\"&#xf00c;\" class=\"btIcoHolder\"><em><\/em><\/span><\/span><\/div><div class=\"sTxt\"><header class=\"header btClear small\" ><div class=\"dash\"><h4><span class=\"headline\">Todos lo aprueban (sin importar su puntaje crediticio)<\/span><\/h4><\/div><\/header><p><\/p><\/div><\/div><div class=\"servicesItem  btIcoAccentColorIcon btIcoSmallSizeIcon child \"><div class=\"sIcon\"><span class=\"btIco btIcoSmallSize btIcoOutlineType btIcoAccentColor\" ><span  data-ico-fa=\"&#xf00c;\" class=\"btIcoHolder\"><em><\/em><\/span><\/span><\/div><div class=\"sTxt\"><header class=\"header btClear small\" ><div class=\"dash\"><h4><span class=\"headline\">Hasta $10,000 (dos pr\u00e9stamos de $5,000)<\/span><\/h4><\/div><\/header><p><\/p><\/div><\/div><div class=\"servicesItem  btIcoAccentColorIcon btIcoSmallSizeIcon child \"><div class=\"sIcon\"><span class=\"btIco btIcoSmallSize btIcoOutlineType btIcoAccentColor\" ><span  data-ico-fa=\"&#xf00c;\" class=\"btIcoHolder\"><em><\/em><\/span><\/span><\/div><div class=\"sTxt\"><header class=\"header btClear small\" ><div class=\"dash\"><h4><span class=\"headline\">F\u00e1cil aplicaci\u00f3n<\/span><\/h4><\/div><\/header><p><\/p><\/div><\/div><\/div><\/div><div class=\"rowItem col-md-6 col-sm-12 btTextLeft animate animate-fadein inherit\"  ><div class=\"rowItemContent\" ><div class=\"btClear btSeparator topSmallSpaced bottomSmallSpaced noBorder\" ><hr><\/div><header class=\"header btClear medium  btAccentDash\" ><div class=\"dash\"><h3><span class=\"headline\">Tercera parte<\/span><\/h3><\/div><\/header><div class=\"bpgPhoto btTextCenter btSimpleHoverType\"  style=\"width:70%;\"> \r\n\t\t\t\t\t<a href=\"https:\/\/www.lendingclub.com\/patientsolutions\/app\/check-your-rate?user=applicant&amp;clientid=333246\" target=\"_self\" title=\"\"><\/a>\r\n\t\t\t\t\t<div class=\"boldPhotoBox\"><div class=\"bpbItem\"><div class = \"btImage\"><img decoding=\"async\" src=\"https:\/\/thesmilemission.com\/es\/wp-content\/uploads\/2023\/08\/Capture2-320x431-1.png\" alt=\"\" title=\"\" ><\/div><\/div><\/div>\r\n\t\t\t\t\t<div class=\"captionPane\">\r\n\t\t\t\t\t\t<div class=\"captionTable\">\r\n\t\t\t\t\t\t\t<div class=\"captionCell\">\r\n\t\t\t\t\t\t\t\t<div class=\"captionTxt\"><\/div>\r\n\t\t\t\t\t\t\t<\/div>\r\n\t\t\t\t\t\t<\/div>\r\n\t\t\t\t\t<\/div><\/div><div class=\"btClear btSeparator topSmallSpaced bottomSmallSpaced noBorder\" ><hr><\/div><div class=\"servicesItem  btIcoAccentColorIcon btIcoSmallSizeIcon child \"><div class=\"sIcon\"><span class=\"btIco btIcoSmallSize btIcoOutlineType btIcoAccentColor\" ><span  data-ico-fa=\"&#xf00c;\" class=\"btIcoHolder\"><em><\/em><\/span><\/span><\/div><div class=\"sTxt\"><header class=\"header btClear small\" ><div class=\"dash\"><h4><span class=\"headline\">Verificaci\u00f3n de cr\u00e9dito suave (no afecta la puntuaci\u00f3n de cr\u00e9dito)<\/span><\/h4><\/div><\/header><p><\/p><\/div><\/div><div class=\"servicesItem  btIcoAccentColorIcon btIcoSmallSizeIcon child \"><div class=\"sIcon\"><span class=\"btIco btIcoSmallSize btIcoOutlineType btIcoAccentColor\" ><span  data-ico-fa=\"&#xf00c;\" class=\"btIcoHolder\"><em><\/em><\/span><\/span><\/div><div class=\"sTxt\"><header class=\"header btClear small\" ><div class=\"dash\"><h4><span class=\"headline\">Sin pago inicial<\/span><\/h4><\/div><\/header><p><\/p><\/div><\/div><div class=\"servicesItem  btIcoAccentColorIcon btIcoSmallSizeIcon child \"><div class=\"sIcon\"><span class=\"btIco btIcoSmallSize btIcoOutlineType btIcoAccentColor\" ><span  data-ico-fa=\"&#xf00c;\" class=\"btIcoHolder\"><em><\/em><\/span><\/span><\/div><div class=\"sTxt\"><header class=\"header btClear small\" ><div class=\"dash\"><h4><span class=\"headline\">Hasta 25k dependiendo del cr\u00e9dito<\/span><\/h4><\/div><\/header><p><\/p><\/div><\/div><div class=\"servicesItem  btIcoAccentColorIcon btIcoSmallSizeIcon child \"><div class=\"sIcon\"><span class=\"btIco btIcoSmallSize btIcoOutlineType btIcoAccentColor\" ><span  data-ico-fa=\"&#xf00c;\" class=\"btIcoHolder\"><em><\/em><\/span><\/span><\/div><div class=\"sTxt\"><header class=\"header btClear small\" ><div class=\"dash\"><h4><span class=\"headline\">Sin pagos de intereses hasta 24 meses<\/span><\/h4><\/div><\/header><p><\/p><\/div><\/div><\/div><\/div><\/div><\/div><div class=\"boldRow  \" ><div class=\"boldRowInner\"><div class=\"rowItem col-md-6 col-sm-12 btTextLeft animate animate-fadein inherit\"  ><div class=\"rowItemContent\" ><div class=\"btClear btSeparator topSmallSpaced bottomSmallSpaced noBorder\" ><hr><\/div><div class=\"bpgPhoto btTextCenter btSimpleHoverType\"  style=\"width:50%;\"><div class=\"btImage\"><img decoding=\"async\" src=\"https:\/\/thesmilemission.com\/es\/wp-content\/uploads\/2023\/08\/Capture3.png\" alt=\"\" title=\"\"><\/div><\/div><div class=\"btClear btSeparator topSmallSpaced bottomSmallSpaced noBorder\" ><hr><\/div><div class=\"servicesItem  btIcoAccentColorIcon btIcoSmallSizeIcon child \"><div class=\"sIcon\"><span class=\"btIco btIcoSmallSize btIcoOutlineType btIcoAccentColor\" ><span  data-ico-fa=\"&#xf00c;\" class=\"btIcoHolder\"><em><\/em><\/span><\/span><\/div><div class=\"sTxt\"><header class=\"header btClear small\" ><div class=\"dash\"><h4><span class=\"headline\">Sin verificaci\u00f3n de cr\u00e9dito<\/span><\/h4><\/div><\/header><p><\/p><\/div><\/div><div class=\"servicesItem  btIcoAccentColorIcon btIcoSmallSizeIcon child \"><div class=\"sIcon\"><span class=\"btIco btIcoSmallSize btIcoOutlineType btIcoAccentColor\" ><span  data-ico-fa=\"&#xf00c;\" class=\"btIcoHolder\"><em><\/em><\/span><\/span><\/div><div class=\"sTxt\"><header class=\"header btClear small\" ><div class=\"dash\"><h4><span class=\"headline\">$1,500- $4000<\/span><\/h4><\/div><\/header><p><\/p><\/div><\/div><div class=\"servicesItem  btIcoAccentColorIcon btIcoSmallSizeIcon child \"><div class=\"sIcon\"><span class=\"btIco btIcoSmallSize btIcoOutlineType btIcoAccentColor\" ><span  data-ico-fa=\"&#xf00c;\" class=\"btIcoHolder\"><em><\/em><\/span><\/span><\/div><div class=\"sTxt\"><header class=\"header btClear small\" ><div class=\"dash\"><h4><span class=\"headline\">Pago inicial del 15-20%<\/span><\/h4><\/div><\/header><p><\/p><\/div><\/div><div class=\"servicesItem  btIcoAccentColorIcon btIcoSmallSizeIcon child \"><div class=\"sIcon\"><span class=\"btIco btIcoSmallSize btIcoOutlineType btIcoAccentColor\" ><span  data-ico-fa=\"&#xf00c;\" class=\"btIcoHolder\"><em><\/em><\/span><\/span><\/div><div class=\"sTxt\"><header class=\"header btClear small\" ><div class=\"dash\"><h4><span class=\"headline\">Pagos hasta 24 meses<\/span><\/h4><\/div><\/header><p><\/p><\/div><\/div><\/div><\/div><div class=\"rowItem col-md-6 col-sm-12 btTextLeft animate animate-fadein inherit\"  ><div class=\"rowItemContent\" ><div class=\"btClear btSeparator topSmallSpaced bottomSmallSpaced noBorder\" ><hr><\/div><div class=\"bpgPhoto btTextCenter btSimpleHoverType\"  style=\"width:70%;\"> \r\n\t\t\t\t\t<a href=\"https:\/\/www.carecredit.com\/apply\/\" target=\"_self\" title=\"\"><\/a>\r\n\t\t\t\t\t<div class=\"boldPhotoBox\"><div class=\"bpbItem\"><div class = \"btImage\"><img decoding=\"async\" src=\"https:\/\/thesmilemission.com\/es\/wp-content\/uploads\/2023\/08\/Capture421.png\" alt=\"\" title=\"\" ><\/div><\/div><\/div>\r\n\t\t\t\t\t<div class=\"captionPane\">\r\n\t\t\t\t\t\t<div class=\"captionTable\">\r\n\t\t\t\t\t\t\t<div class=\"captionCell\">\r\n\t\t\t\t\t\t\t\t<div class=\"captionTxt\"><\/div>\r\n\t\t\t\t\t\t\t<\/div>\r\n\t\t\t\t\t\t<\/div>\r\n\t\t\t\t\t<\/div><\/div><div class=\"btClear btSeparator topSmallSpaced bottomSmallSpaced noBorder\" ><hr><\/div><div class=\"servicesItem  btIcoAccentColorIcon btIcoSmallSizeIcon child \"><div class=\"sIcon\"><span class=\"btIco btIcoSmallSize btIcoOutlineType btIcoAccentColor\" ><span  data-ico-fa=\"&#xf00c;\" class=\"btIcoHolder\"><em><\/em><\/span><\/span><\/div><div class=\"sTxt\"><header class=\"header btClear small\" ><div class=\"dash\"><h4><span class=\"headline\">Sin pagos de intereses hasta 24 meses<\/span><\/h4><\/div><\/header><p><\/p><\/div><\/div><div class=\"servicesItem  btIcoAccentColorIcon btIcoSmallSizeIcon child \"><div class=\"sIcon\"><span class=\"btIco btIcoSmallSize btIcoOutlineType btIcoAccentColor\" ><span  data-ico-fa=\"&#xf00c;\" class=\"btIcoHolder\"><em><\/em><\/span><\/span><\/div><div class=\"sTxt\"><header class=\"header btClear small\" ><div class=\"dash\"><h4><span class=\"headline\">Verificaci\u00f3n de cr\u00e9dito<\/span><\/h4><\/div><\/header><p><\/p><\/div><\/div><div class=\"servicesItem  btIcoAccentColorIcon btIcoSmallSizeIcon child \"><div class=\"sIcon\"><span class=\"btIco btIcoSmallSize btIcoOutlineType btIcoAccentColor\" ><span  data-ico-fa=\"&#xf00c;\" class=\"btIcoHolder\"><em><\/em><\/span><\/span><\/div><div class=\"sTxt\"><header class=\"header btClear small\" ><div class=\"dash\"><h4><span class=\"headline\">Sin pago inicial<\/span><\/h4><\/div><\/header><p><\/p><\/div><\/div><div class=\"servicesItem  btIcoAccentColorIcon btIcoSmallSizeIcon child \"><div class=\"sIcon\"><span class=\"btIco btIcoSmallSize btIcoOutlineType btIcoAccentColor\" ><span  data-ico-fa=\"&#xf00c;\" class=\"btIcoHolder\"><em><\/em><\/span><\/span><\/div><div class=\"sTxt\"><header class=\"header btClear small\" ><div class=\"dash\"><h4><span class=\"headline\">Hasta 25k<\/span><\/h4><\/div><\/header><p><\/p><\/div><\/div><div class=\"servicesItem  btIcoAccentColorIcon btIcoSmallSizeIcon child \"><div class=\"sIcon\"><span class=\"btIco btIcoSmallSize btIcoOutlineType btIcoAccentColor\" ><span  data-ico-fa=\"&#xf00c;\" class=\"btIcoHolder\"><em><\/em><\/span><\/span><\/div><div class=\"sTxt\"><header class=\"header btClear small\" ><div class=\"dash\"><h4><span class=\"headline\">Se puede utilizar en m\u00e1s de 225.000 centros de atenci\u00f3n sanitaria.<\/span><\/h4><\/div><\/header><p><\/p><\/div><\/div><\/div><\/div><\/div><\/div><div class=\"boldRow  \" ><div class=\"boldRowInner\"><div class=\"rowItem col-md-12 col-ms-12  btTextLeft\"  ><div class=\"rowItemContent\" ><div class=\"btClear btSeparator topSpaced bottomSmallSpaced noBorder\" ><hr><\/div><\/div><\/div><\/div><\/div><\/div><\/div><\/div><\/section><section id=\"bt_section69d69201aaa3a\"  class=\"boldSection gutter\" ><div class=\"port\"><div class=\"boldCell\"><div class=\"boldCellInner\"><div class=\"boldRow  \" ><div class=\"boldRowInner\"><div class=\"rowItem col-md-12 col-ms-12  btTextLeft\"  ><div class=\"rowItemContent\" ><div class=\"btClear btSeparator topSmallSpaced bottomSmallSpaced noBorder\" ><hr><\/div><\/div><\/div><\/div><\/div><\/div><\/div><\/div><\/section><\/div>","protected":false},"excerpt":{"rendered":"","protected":false},"author":3,"featured_media":0,"parent":25,"menu_order":0,"comment_status":"closed","ping_status":"closed","template":"","meta":{"om_disable_all_campaigns":false,"footnotes":""},"class_list":["post-1618","page","type-page","status-publish","hentry"],"_links":{"self":[{"href":"https:\/\/thesmilemission.com\/es\/wp-json\/wp\/v2\/pages\/1618"}],"collection":[{"href":"https:\/\/thesmilemission.com\/es\/wp-json\/wp\/v2\/pages"}],"about":[{"href":"https:\/\/thesmilemission.com\/es\/wp-json\/wp\/v2\/types\/page"}],"author":[{"embeddable":true,"href":"https:\/\/thesmilemission.com\/es\/wp-json\/wp\/v2\/users\/3"}],"replies":[{"embeddable":true,"href":"https:\/\/thesmilemission.com\/es\/wp-json\/wp\/v2\/comments?post=1618"}],"version-history":[{"count":13,"href":"https:\/\/thesmilemission.com\/es\/wp-json\/wp\/v2\/pages\/1618\/revisions"}],"predecessor-version":[{"id":2353,"href":"https:\/\/thesmilemission.com\/es\/wp-json\/wp\/v2\/pages\/1618\/revisions\/2353"}],"up":[{"embeddable":true,"href":"https:\/\/thesmilemission.com\/es\/wp-json\/wp\/v2\/pages\/25"}],"wp:attachment":[{"href":"https:\/\/thesmilemission.com\/es\/wp-json\/wp\/v2\/media?parent=1618"}],"curies":[{"name":"wp","href":"https:\/\/api.w.org\/{rel}","templated":true}]}}