{"id":525,"date":"2021-08-11T17:06:31","date_gmt":"2021-08-11T17:06:31","guid":{"rendered":"https:\/\/nicesmiledentallab.com\/es\/?page_id=525"},"modified":"2023-02-10T08:13:32","modified_gmt":"2023-02-10T08:13:32","slug":"dental-cleaning","status":"publish","type":"page","link":"https:\/\/thesmilemission.com\/es\/dental-cleaning\/","title":{"rendered":"dental-cleaning"},"content":{"rendered":"<div class=\"bt_bb_wrapper\"><section id=\"bt_section69d6dfda96ddd\"  class=\"boldSection topSemiSpaced btDarkSkin gutter inherit wBackground cover btAccentColorBackground\" style=\"background-image:url('https:\/\/thesmilemission.com\/es\/wp-content\/uploads\/2015\/12\/bllurred-background.jpg');\"><div class=\"port\"><div class=\"boldCell\"><div class=\"boldCellInner\"><div class=\"boldRow  \" ><div class=\"boldRowInner\"><div class=\"rowItem col-md-12 col-ms-12  btTextLeft animate animate-fadein animate-moveleft inherit\"  ><div class=\"rowItemContent\" ><div class=\"btClear btSeparator topExtraSpaced bottomSmallSpaced noBorder\" ><hr><\/div><header class=\"header btClear extralarge btDash topDash  btNormalDash\" ><div class=\"btSuperTitle\">Limpiezas dentales<\/div><\/header><div class=\"btClear btSeparator topExtraSmallSpaced bottomSmallSpaced noBorder\" ><hr><\/div><\/div><\/div><\/div><\/div><\/div><\/div><\/div><\/section><section id=\"bt_section69d6dfda96fb6\"  class=\"boldSection gutter\" ><div class=\"port\"><div class=\"boldCell\"><div class=\"boldCellInner\"><div class=\"boldRow  \" ><div class=\"boldRowInner\"><div class=\"rowItem col-md-12 col-ms-12  btTextLeft\"  ><div class=\"rowItemContent\" ><div class=\"btClear btSeparator topSmallSpaced bottomSmallSpaced noBorder\" ><hr><\/div><\/div><\/div><\/div><\/div><div class=\"boldRow  \" ><div class=\"boldRowInner\"><div class=\"rowItem col-md-6 col-sm-12 btTextLeft\"  ><div class=\"rowItemContent\" ><div class=\"btClear btSeparator topSmallSpaced bottomSmallSpaced noBorder\" ><hr><\/div><header class=\"header btClear medium  btAccentDash\" ><div class=\"dash\"><h3><span class=\"headline\">Limpiezas dentales<\/span><\/h3><\/div><div class=\"btSubTitle\">\u00a1Por tan solo $75!\r<br><\/div><\/header><div class=\"servicesItem  btIcoAccentColorIcon btIcoSmallSizeIcon child \"><div class=\"sIcon\"><span class=\"btIco btIcoSmallSize btIcoOutlineType btIcoAccentColor\" ><span  data-ico-fa=\"&#xf00c;\" class=\"btIcoHolder\"><em><\/em><\/span><\/span><\/div><div class=\"sTxt\"><header class=\"header btClear small\" ><div class=\"dash\"><h4><span class=\"headline\">66% menos que el precio promedio de limpieza dental en Miami<\/span><\/h4><\/div><\/header><p><\/p><\/div><\/div><div class=\"btClear btSeparator topExtraSmallSpaced noBorder\" ><hr><\/div><div class=\"servicesItem  btIcoAccentColorIcon btIcoSmallSizeIcon child \"><div class=\"sIcon\"><span class=\"btIco btIcoSmallSize btIcoOutlineType btIcoAccentColor\" ><span  data-ico-fa=\"&#xf00c;\" class=\"btIcoHolder\"><em><\/em><\/span><\/span><\/div><div class=\"sTxt\"><header class=\"header btClear small\" ><div class=\"dash\"><h4><span class=\"headline\">\u00a1Abierto fines de semana y tardes!<\/span><\/h4><\/div><\/header><p><\/p><\/div><\/div><div class=\"btClear btSeparator topExtraSmallSpaced noBorder\" ><hr><\/div><div class=\"servicesItem  btIcoAccentColorIcon btIcoSmallSizeIcon child \"><div class=\"sIcon\"><span class=\"btIco btIcoSmallSize btIcoOutlineType btIcoAccentColor\" ><span  data-ico-fa=\"&#xf00c;\" class=\"btIcoHolder\"><em><\/em><\/span><\/span><\/div><div class=\"sTxt\"><header class=\"header btClear small\" ><div class=\"dash\"><h4><span class=\"headline\">Aceptamospacientes sin cita previa<\/span><\/h4><\/div><\/header><p><\/p><\/div><\/div><div class=\"btClear btSeparator topSmallSpaced bottomSmallSpaced noBorder\" ><hr><\/div><a href=\"tel:786-701-8246\" class=\"btBtn btBtn btnFilledStyle btnAccentColor btnMedium btnNormalWidth btnRightPosition btnNoIcon\" ><span class=\"btnInnerText\">Haz clic para llamar<\/span><\/a><\/div><\/div><div class=\"rowItem col-md-6 col-sm-12 btTextLeft animate animate-fadein inherit\"  ><div class=\"rowItemContent\" ><div class=\"bpgPhoto btTextCenter btSimpleHoverType\" ><div class=\"btImage\"><img decoding=\"async\" src=\"https:\/\/thesmilemission.com\/es\/wp-content\/uploads\/2021\/09\/image-collage.jpg\" alt=\"\" title=\"\"><\/div><\/div><\/div><\/div><\/div><\/div><div class=\"boldRow  \" ><div class=\"boldRowInner\"><div class=\"rowItem col-md-12 col-ms-12  btTextLeft\"  ><div class=\"rowItemContent\" ><div class=\"btClear btSeparator topSmallSpaced bottomSmallSpaced noBorder\" ><hr><\/div><\/div><\/div><\/div><\/div><\/div><\/div><\/div><\/section><section id=\"bt_section69d6dfda978e9\"  class=\"boldSection gutter\" ><div class=\"port\"><div class=\"boldCell\"><div class=\"boldCellInner\"><div class=\"boldRow  \" ><div class=\"boldRowInner\"><div class=\"rowItem col-md-6 col-sm-12 btTextLeft animate animate-fadein inherit\"  ><div class=\"rowItemContent\" ><div class=\"bpgPhoto btTextCenter btSimpleHoverType\" ><div class=\"btImage\"><img decoding=\"async\" src=\"https:\/\/thesmilemission.com\/es\/wp-content\/uploads\/2021\/09\/dentist-768x768-1.jpg\" alt=\"\" title=\"\"><\/div><\/div><\/div><\/div><div class=\"rowItem col-md-6 col-sm-12 btTextLeft\"  ><div class=\"rowItemContent\" ><div class=\"btClear btSeparator topSmallSpaced bottomSmallSpaced noBorder\" ><hr><\/div><header class=\"header btClear medium  btAccentDash\" ><div class=\"dash\"><h3><span class=\"headline\">Limpiezas dentales<\/span><\/h3><\/div><\/header><div class=\"servicesItem  btIcoAccentColorIcon btIcoSmallSizeIcon child \"><div class=\"sIcon\"><span class=\"btIco btIcoSmallSize btIcoOutlineType btIcoAccentColor\" ><span  data-ico-fa=\"&#xf00c;\" class=\"btIcoHolder\"><em><\/em><\/span><\/span><\/div><div class=\"sTxt\"><header class=\"header btClear small\" ><div class=\"dash\"><h4><span class=\"headline\">Quitar manchas<\/span><\/h4><\/div><\/header><p><\/p><\/div><\/div><div class=\"btClear btSeparator topExtraSmallSpaced noBorder\" ><hr><\/div><div class=\"servicesItem  btIcoAccentColorIcon btIcoSmallSizeIcon child \"><div class=\"sIcon\"><span class=\"btIco btIcoSmallSize btIcoOutlineType btIcoAccentColor\" ><span  data-ico-fa=\"&#xf00c;\" class=\"btIcoHolder\"><em><\/em><\/span><\/span><\/div><div class=\"sTxt\"><header class=\"header btClear small\" ><div class=\"dash\"><h4><span class=\"headline\">Prevenir caries<\/span><\/h4><\/div><\/header><p><\/p><\/div><\/div><div class=\"btClear btSeparator topExtraSmallSpaced noBorder\" ><hr><\/div><div class=\"servicesItem  btIcoAccentColorIcon btIcoSmallSizeIcon child \"><div class=\"sIcon\"><span class=\"btIco btIcoSmallSize btIcoOutlineType btIcoAccentColor\" ><span  data-ico-fa=\"&#xf00c;\" class=\"btIcoHolder\"><em><\/em><\/span><\/span><\/div><div class=\"sTxt\"><header class=\"header btClear small\" ><div class=\"dash\"><h4><span class=\"headline\">Ilumina tu sonrisa<\/span><\/h4><\/div><\/header><p><\/p><\/div><\/div><div class=\"btClear btSeparator topExtraSmallSpaced noBorder\" ><hr><\/div><div class=\"servicesItem  btIcoAccentColorIcon btIcoSmallSizeIcon child \"><div class=\"sIcon\"><span class=\"btIco btIcoSmallSize btIcoOutlineType btIcoAccentColor\" ><span  data-ico-fa=\"&#xf00c;\" class=\"btIcoHolder\"><em><\/em><\/span><\/span><\/div><div class=\"sTxt\"><header class=\"header btClear small\" ><div class=\"dash\"><h4><span class=\"headline\">Refresca tu aliento<\/span><\/h4><\/div><\/header><p><\/p><\/div><\/div><div class=\"btClear btSeparator topExtraSmallSpaced noBorder\" ><hr><\/div><div class=\"servicesItem  btIcoAccentColorIcon btIcoSmallSizeIcon child \"><div class=\"sIcon\"><span class=\"btIco btIcoSmallSize btIcoOutlineType btIcoAccentColor\" ><span  data-ico-fa=\"&#xf00c;\" class=\"btIcoHolder\"><em><\/em><\/span><\/span><\/div><div class=\"sTxt\"><header class=\"header btClear small\" ><div class=\"dash\"><h4><span class=\"headline\">Mejora tu salud en general<\/span><\/h4><\/div><\/header><p><\/p><\/div><\/div><div class=\"btClear btSeparator topExtraSmallSpaced noBorder\" ><hr><\/div><div class=\"servicesItem  btIcoAccentColorIcon btIcoSmallSizeIcon child \"><div class=\"sIcon\"><span class=\"btIco btIcoSmallSize btIcoOutlineType btIcoAccentColor\" ><span  data-ico-fa=\"&#xf00c;\" class=\"btIcoHolder\"><em><\/em><\/span><\/span><\/div><div class=\"sTxt\"><header class=\"header btClear small\" ><div class=\"dash\"><h4><span class=\"headline\">Prevenir la enfermedad de las enc\u00edas<\/span><\/h4><\/div><\/header><p><\/p><\/div><\/div><div class=\"btClear btSeparator topExtraSmallSpaced noBorder\" ><hr><\/div><div class=\"servicesItem  btIcoAccentColorIcon btIcoSmallSizeIcon child \"><div class=\"sIcon\"><span class=\"btIco btIcoSmallSize btIcoOutlineType btIcoAccentColor\" ><span  data-ico-fa=\"&#xf00c;\" class=\"btIcoHolder\"><em><\/em><\/span><\/span><\/div><div class=\"sTxt\"><header class=\"header btClear small\" ><div class=\"dash\"><h4><span class=\"headline\">Detener la p\u00e9rdida de dientes<\/span><\/h4><\/div><\/header><p><\/p><\/div><\/div><div class=\"btClear btSeparator topExtraSmallSpaced noBorder\" ><hr><\/div><div class=\"servicesItem  btIcoAccentColorIcon btIcoSmallSizeIcon child \"><div class=\"sIcon\"><span class=\"btIco btIcoSmallSize btIcoOutlineType btIcoAccentColor\" ><span  data-ico-fa=\"&#xf00c;\" class=\"btIcoHolder\"><em><\/em><\/span><\/span><\/div><div class=\"sTxt\"><header class=\"header btClear small\" ><div class=\"dash\"><h4><span class=\"headline\">Ahorra dinero<\/span><\/h4><\/div><\/header><p><\/p><\/div><\/div><div class=\"btClear btSeparator topSmallSpaced bottomSmallSpaced noBorder\" ><hr><\/div><a href=\"tel:786-701-8246\" class=\"btBtn btBtn btnFilledStyle btnAccentColor btnMedium btnNormalWidth btnRightPosition btnNoIcon\" ><span class=\"btnInnerText\">Haz clic para llamar<\/span><\/a><\/div><\/div><\/div><\/div><div class=\"boldRow  \" ><div class=\"boldRowInner\"><div class=\"rowItem col-md-12 col-ms-12  btTextLeft\"  ><div class=\"rowItemContent\" ><div class=\"btClear btSeparator topSpaced bottomSmallSpaced noBorder\" ><hr><\/div><\/div><\/div><\/div><\/div><\/div><\/div><\/div><\/section><section id=\"bt_section69d6dfda981b0\"  class=\"boldSection gutter\" ><div class=\"port\"><div class=\"boldCell\"><div class=\"boldCellInner\"><div class=\"boldRow  \" ><div class=\"boldRowInner\"><div class=\"rowItem col-md-12 col-ms-12  btTextLeft\"  ><div class=\"rowItemContent\" ><header class=\"header btClear large  btAccentDash\" ><div class=\"dash\"><h2><span class=\"headline\">Todav\u00eda tienes preguntas?<\/span><\/h2><\/div><\/header><\/div><\/div><\/div><\/div><div class=\"boldRow  \" ><div class=\"boldRowInner\"><div class=\"rowItem col-md-12 col-ms-12  btTextLeft\"  ><div class=\"rowItemContent\" ><div class=\"btTabs tabsVertical \" \" data-open-first=\"\"><ul class=\"tabsHeader\"><li><span>\u00bfHay costos ocultos?<\/span><\/li><li><span>\u00bfCon qu\u00e9 frecuencia debes hacerte una limpieza dental?<\/span><\/li><li><span>\u00bfPor qu\u00e9 deber\u00eda hacerme una limpieza dental?<\/span><\/li><li><span>Qu\u00e9 significa: &#8220;La enfermedad de las enc\u00edas es la enfermedad silenciosa&#8220;<\/span><\/li><\/ul><div class=\"tabPanes accordionPanes\"><div class=\"tabPane\">\r\n\t\t\t<div class=\"tabAccordionTitle\"><span>\u00bfHay costos ocultos?<\/span><\/div>\r\n\t\t\t<div class=\"tabAccordionContent\"><p>\u00a1Sin costos ocultos! La limpieza de $50 se refiere a una limpieza profilaxis. Esto significa alguien que tiene peque\u00f1as cantidades de sarro y placa en los dientes. Los pacientes con gran cantidad de c\u00e1lculos, enc\u00edas que sangran f\u00e1cilmente, periodontitis, bolsas de enc\u00edas profundas o enc\u00edas inflamadas necesitar\u00e1n una limpieza profunda. Nuestras limpiezas profundas son un 70% m\u00e1s bajas que la mayor\u00eda de los consultorios dentales.<\/p>\n<\/div>\r\n\t\t<\/div><div class=\"tabPane\">\r\n\t\t\t<div class=\"tabAccordionTitle\"><span>\u00bfCon qu\u00e9 frecuencia debes hacerte una limpieza dental?<\/span><\/div>\r\n\t\t\t<div class=\"tabAccordionContent\"><p>Los pacientes sanos deben recibir 2 limpiezas por a\u00f1o.<br \/>\nLos pacientes de alto riesgo deben recibir de 3 a 4 limpiezas por a\u00f1o.<\/p>\n<\/div>\r\n\t\t<\/div><div class=\"tabPane\">\r\n\t\t\t<div class=\"tabAccordionTitle\"><span>\u00bfPor qu\u00e9 deber\u00eda hacerme una limpieza dental?<\/span><\/div>\r\n\t\t\t<div class=\"tabAccordionContent\"><p>Con el tiempo, incluso los mejores cepilladores pueden desarrollar sarro en los dientes. Los higienistas utilizan instrumentos especiales para eliminarlos. Si el sarro permanece, puede causar una enfermedad periodontal y eventualmente hacer que pierda los dientes<\/p>\n<\/div>\r\n\t\t<\/div><div class=\"tabPane\">\r\n\t\t\t<div class=\"tabAccordionTitle\"><span>Qu\u00e9 significa: &#8220;La enfermedad de las enc\u00edas es la enfermedad silenciosa&#8220;<\/span><\/div>\r\n\t\t\t<div class=\"tabAccordionContent\"><section class=\"elementor-section elementor-top-section elementor-element elementor-element-d3a5143 elementor-section-boxed elementor-section-height-default elementor-section-height-default\" data-id=\"d3a5143\" data-element_type=\"section\">\n<div class=\"elementor-container elementor-column-gap-default\">\n<div class=\"elementor-row\">\n<div class=\"elementor-column elementor-col-100 elementor-top-column elementor-element elementor-element-e5b58d3\" data-id=\"e5b58d3\" data-element_type=\"column\">\n<div class=\"elementor-column-wrap elementor-element-populated\">\n<div class=\"elementor-widget-wrap\">\n<div class=\"elementor-element elementor-element-ef2722b elementor-widget elementor-widget-accordion\" data-id=\"ef2722b\" data-element_type=\"widget\" data-widget_type=\"accordion.default\">\n<div class=\"elementor-widget-container\">\n<div class=\"elementor-accordion\" role=\"tablist\">\n<div class=\"elementor-accordion-item\">\n<div id=\"elementor-tab-content-2504\" class=\"elementor-tab-content elementor-clearfix elementor-active\" role=\"tabpanel\" data-tab=\"4\" aria-labelledby=\"elementor-tab-title-2504\">La enfermedad de las enc\u00edas generalmente afecta a la persona lentamente, no es dolorosa o rara vez se nota. Un paciente que no va al dentista, puede que no lo sepa hasta que tenga dolor y dientes dientessueltos. En este punto, es probable que el paciente pierda la mayor\u00eda de sus dientes.<\/div>\n<\/div>\n<\/div>\n<\/div>\n<\/div>\n<\/div>\n<\/div>\n<\/div>\n<\/div>\n<\/div>\n<\/section>\n<\/div>\r\n\t\t<\/div><\/div><\/div><\/div><\/div><\/div><\/div><div class=\"boldRow  \" ><div class=\"boldRowInner\"><div class=\"rowItem col-md-12 col-ms-12  btTextLeft\"  ><div class=\"rowItemContent\" ><div class=\"btClear btSeparator topSmallSpaced bottomSmallSpaced noBorder\" ><hr><\/div><\/div><\/div><\/div><\/div><\/div><\/div><\/div><\/section><section id=\"bt_section69d6dfda987f7\"  class=\"boldSection gutter\" ><div class=\"port\"><div class=\"boldCell\"><div class=\"boldCellInner\"><div class=\"boldRow  \" ><div class=\"boldRowInner\"><div class=\"rowItem col-md-12 col-ms-12  btTextCenter inherit\"  ><div class=\"rowItemContent\" ><header class=\"header btClear large  btNormalDash\" ><div class=\"dash\"><h2><span class=\"headline\">Productos Populares<\/span><\/h2><\/div><\/header><div class=\"btClear btSeparator topSmallSpaced bottomSmallSpaced noBorder\" ><hr><\/div><\/div><\/div><\/div><\/div><div class=\"boldRow  \" ><div class=\"boldRowInner\"><div class=\"rowItem col-md-4 col-ms-12 btTextCenter inherit\"  ><div class=\"rowItemContent\" ><div class=\"bpgPhoto btTextCenter btSimpleHoverType\" > \r\n\t\t\t\t\t<a href=\"https:\/\/nicesmiledentallab.com\/es\/invislaign\" target=\"_self\" title=\"\"><\/a>\r\n\t\t\t\t\t<div class=\"boldPhotoBox\"><div class=\"bpbItem\"><div class = \"btImage\"><img decoding=\"async\" src=\"https:\/\/thesmilemission.com\/es\/wp-content\/uploads\/2021\/08\/clear-aligners.jpg\" alt=\"\" title=\"\" ><\/div><\/div><\/div>\r\n\t\t\t\t\t<div class=\"captionPane\">\r\n\t\t\t\t\t\t<div class=\"captionTable\">\r\n\t\t\t\t\t\t\t<div class=\"captionCell\">\r\n\t\t\t\t\t\t\t\t<div class=\"captionTxt\"><\/div>\r\n\t\t\t\t\t\t\t<\/div>\r\n\t\t\t\t\t\t<\/div>\r\n\t\t\t\t\t<\/div><\/div><div class=\"btClear btSeparator topSmallSpaced bottomSmallSpaced noBorder\" ><hr><\/div><header class=\"header btClear medium  btNormalDash\" ><div class=\"dash\"><h3><span class=\"headline\">Alineadores\/ Invisalign<\/span><\/h3><\/div><div class=\"btSubTitle\">$95\/ al mes\r<br>\r<br><\/div><\/header><\/div><\/div><div class=\"rowItem col-md-4 col-ms-12 btTextCenter inherit\"  ><div class=\"rowItemContent\" ><div class=\"bpgPhoto btTextCenter btSimpleHoverType\" > \r\n\t\t\t\t\t<a href=\"https:\/\/nicesmiledentallab.com\/es\/whitening\" target=\"_self\" title=\"\"><\/a>\r\n\t\t\t\t\t<div class=\"boldPhotoBox\"><div class=\"bpbItem\"><div class = \"btImage\"><img decoding=\"async\" src=\"https:\/\/thesmilemission.com\/es\/wp-content\/uploads\/2021\/08\/whitening-1-1-1.jpg\" alt=\"\" title=\"\" ><\/div><\/div><\/div>\r\n\t\t\t\t\t<div class=\"captionPane\">\r\n\t\t\t\t\t\t<div class=\"captionTable\">\r\n\t\t\t\t\t\t\t<div class=\"captionCell\">\r\n\t\t\t\t\t\t\t\t<div class=\"captionTxt\"><\/div>\r\n\t\t\t\t\t\t\t<\/div>\r\n\t\t\t\t\t\t<\/div>\r\n\t\t\t\t\t<\/div><\/div><div class=\"btClear btSeparator topSmallSpaced bottomSmallSpaced noBorder\" ><hr><\/div><header class=\"header btClear medium  btNormalDash\" ><div class=\"dash\"><h3><span class=\"headline\">Blanqueamiento<\/span><\/h3><\/div><div class=\"btSubTitle\">Juego de blanqueamiento personalizado de $ 50<\/div><\/header><\/div><\/div><div class=\"rowItem col-md-4 col-ms-12 btTextCenter inherit\"  ><div class=\"rowItemContent\" ><div class=\"bpgPhoto btTextCenter btSimpleHoverType\" > \r\n\t\t\t\t\t<a href=\"https:\/\/nicesmiledentallab.com\/es\/crowns\/\" target=\"_self\" title=\"\"><\/a>\r\n\t\t\t\t\t<div class=\"boldPhotoBox\"><div class=\"bpbItem\"><div class = \"btImage\"><img decoding=\"async\" src=\"https:\/\/thesmilemission.com\/es\/wp-content\/uploads\/2021\/08\/same-day-crown.jpg\" alt=\"\" title=\"\" ><\/div><\/div><\/div>\r\n\t\t\t\t\t<div class=\"captionPane\">\r\n\t\t\t\t\t\t<div class=\"captionTable\">\r\n\t\t\t\t\t\t\t<div class=\"captionCell\">\r\n\t\t\t\t\t\t\t\t<div class=\"captionTxt\"><\/div>\r\n\t\t\t\t\t\t\t<\/div>\r\n\t\t\t\t\t\t<\/div>\r\n\t\t\t\t\t<\/div><\/div><div class=\"btClear btSeparator topSmallSpaced bottomSmallSpaced noBorder\" ><hr><\/div><header class=\"header btClear medium  btNormalDash\" ><div class=\"dash\"><h3><span class=\"headline\">Coronas<\/span><\/h3><\/div><div class=\"btSubTitle\">Coronas $600<\/div><\/header><\/div><\/div><\/div><\/div><\/div><\/div><\/div><\/section><section id=\"bt_section69d6dfda991f8\"  class=\"boldSection gutter\" ><div class=\"port\"><div class=\"boldCell\"><div class=\"boldCellInner\"><div class=\"boldRow  \" ><div class=\"boldRowInner\"><div class=\"rowItem col-md-12 col-ms-12  btTextLeft\"  ><div class=\"rowItemContent\" ><div class=\"btClear btSeparator topSmallSpaced bottomSmallSpaced noBorder\" ><hr><\/div><\/div><\/div><\/div><\/div><\/div><\/div><\/div><\/section><\/div>","protected":false},"excerpt":{"rendered":"<p>66% menos que el precio promedio de limpieza dental en Miami ! \u00a1Abierto fines de semana y tardes! Aceptamospacientes sin cita previa<\/p>\n","protected":false},"author":3,"featured_media":0,"parent":0,"menu_order":0,"comment_status":"closed","ping_status":"closed","template":"","meta":{"om_disable_all_campaigns":false,"footnotes":""},"class_list":["post-525","page","type-page","status-publish","hentry"],"_links":{"self":[{"href":"https:\/\/thesmilemission.com\/es\/wp-json\/wp\/v2\/pages\/525"}],"collection":[{"href":"https:\/\/thesmilemission.com\/es\/wp-json\/wp\/v2\/pages"}],"about":[{"href":"https:\/\/thesmilemission.com\/es\/wp-json\/wp\/v2\/types\/page"}],"author":[{"embeddable":true,"href":"https:\/\/thesmilemission.com\/es\/wp-json\/wp\/v2\/users\/3"}],"replies":[{"embeddable":true,"href":"https:\/\/thesmilemission.com\/es\/wp-json\/wp\/v2\/comments?post=525"}],"version-history":[{"count":15,"href":"https:\/\/thesmilemission.com\/es\/wp-json\/wp\/v2\/pages\/525\/revisions"}],"predecessor-version":[{"id":1901,"href":"https:\/\/thesmilemission.com\/es\/wp-json\/wp\/v2\/pages\/525\/revisions\/1901"}],"wp:attachment":[{"href":"https:\/\/thesmilemission.com\/es\/wp-json\/wp\/v2\/media?parent=525"}],"curies":[{"name":"wp","href":"https:\/\/api.w.org\/{rel}","templated":true}]}}