{"id":555,"date":"2021-08-11T17:11:35","date_gmt":"2021-08-11T17:11:35","guid":{"rendered":"https:\/\/nicesmiledentallab.com\/es\/?page_id=555"},"modified":"2023-12-01T10:03:52","modified_gmt":"2023-12-01T10:03:52","slug":"full-mouth-reconstruction","status":"publish","type":"page","link":"https:\/\/thesmilemission.com\/es\/full-mouth-reconstruction\/","title":{"rendered":"Full Mouth Reconstruction"},"content":{"rendered":"<div class=\"bt_bb_wrapper\"><section id=\"bt_section69d6f82185fb1\"  class=\"boldSection topSemiSpaced btDarkSkin gutter inherit wBackground cover btAccentColorBackground\" style=\"background-image:url('https:\/\/thesmilemission.com\/es\/wp-content\/uploads\/2015\/12\/bllurred-background.jpg');\"><div class=\"port\"><div class=\"boldCell\"><div class=\"boldCellInner\"><div class=\"boldRow  \" ><div class=\"boldRowInner\"><div class=\"rowItem col-md-12 col-ms-12  btTextCenter animate animate-fadein animate-moveleft inherit\"  ><div class=\"rowItemContent\" ><div class=\"btClear btSeparator topExtraSpaced bottomSmallSpaced noBorder\" ><hr><\/div><div class=\"btText\" ><div class=\"aioseo-breadcrumbs\"><span class=\"aioseo-breadcrumb\">\n\tHome\n<\/span><\/div><\/div><header class=\"header btClear extralarge  btNormalDash\" ><div class=\"dash\"><h1><span class=\"headline\">RECONSTRUCCI\u00d3N DE BOCA COMPLETA<\/span><\/h1><\/div><\/header><div class=\"btClear btSeparator topSmallSpaced bottomSmallSpaced noBorder\" ><hr><\/div><a href=\"https:\/\/thesmilemission.com\/es\/online-booking\/\" class=\"btBtn btBtn btnFilledStyle btnAccentColor btnMedium btnNormalWidth btnRightPosition btnNoIcon\" ><span class=\"btnInnerText\">Reserve una consulta gratuita en l\u00ednea o personal<\/span><\/a><div class=\"btClear btSeparator topSmallSpaced bottomSmallSpaced noBorder\" ><hr><\/div><\/div><\/div><\/div><\/div><\/div><\/div><\/div><\/section><section id=\"bt_section69d6f82186663\"  class=\"boldSection gutter\" ><div class=\"port\"><div class=\"boldCell\"><div class=\"boldCellInner\"><div class=\"boldRow  \" ><div class=\"boldRowInner\"><div class=\"rowItem col-md-12 col-ms-12  btTextLeft\"  ><div class=\"rowItemContent\" ><div class=\"btClear btSeparator topSmallSpaced bottomSmallSpaced noBorder\" ><hr><\/div><\/div><\/div><\/div><\/div><div class=\"boldRow  \" ><div class=\"boldRowInner\"><div class=\"rowItem col-md-6 col-sm-12 btTextLeft\"  ><div class=\"rowItemContent\" ><div class=\"btClear btSeparator topSmallSpaced bottomSmallSpaced noBorder\" ><hr><\/div><header class=\"header btClear medium  btAccentDash\" ><div class=\"dash\"><h3><span class=\"headline\">Que es Reconstrucci\u00f3n De Boca Completa?<\/span><\/h3><\/div><div class=\"btSubTitle\">Obtienes dientes fijos permanentes en implantes dentales. Se ven, se sienten y funcionan como dientes naturales. No salen de la boca y se pueden cepillar y usar hilo dental como los dientes normales.\r<br>\r<br>Solo $199\/ por mes<\/div><\/header><div class=\"servicesItem  btIcoAccentColorIcon btIcoSmallSizeIcon child \"><div class=\"sIcon\"><span class=\"btIco btIcoSmallSize btIcoOutlineType btIcoAccentColor\" ><span  data-ico-fa=\"&#xf00c;\" class=\"btIcoHolder\"><em><\/em><\/span><\/span><\/div><div class=\"sTxt\"><header class=\"header btClear small\" ><div class=\"dash\"><h4><span class=\"headline\">Solo $199\/ por mes<\/span><\/h4><\/div><\/header><p><\/p><\/div><\/div><div class=\"btClear btSeparator topExtraSmallSpaced noBorder\" ><hr><\/div><div class=\"servicesItem  btIcoAccentColorIcon btIcoSmallSizeIcon child \"><div class=\"sIcon\"><span class=\"btIco btIcoSmallSize btIcoOutlineType btIcoAccentColor\" ><span  data-ico-fa=\"&#xf00c;\" class=\"btIcoHolder\"><em><\/em><\/span><\/span><\/div><div class=\"sTxt\"><header class=\"header btClear small\" ><div class=\"dash\"><h4><span class=\"headline\">Mejora el habla<\/span><\/h4><\/div><\/header><p><\/p><\/div><\/div><div class=\"btClear btSeparator topSmallSpaced bottomExtraSmallSpaced noBorder\" ><hr><\/div><a href=\"tel:786-701-8246\" class=\"btBtn btBtn btnFilledStyle btnAccentColor btnMedium btnNormalWidth btnRightPosition btnNoIcon\" ><span class=\"btnInnerText\">Haz clic para llamar<\/span><\/a><\/div><\/div><div class=\"rowItem col-md-6 col-sm-12 btTextLeft animate animate-fadein inherit\"  ><div class=\"rowItemContent\" ><div class=\"bpgPhoto btTextCenter btSimpleHoverType\" ><div class=\"btImage\"><img decoding=\"async\" src=\"https:\/\/thesmilemission.com\/es\/wp-content\/uploads\/2021\/09\/image-collage.jpg\" alt=\"\" title=\"\"><\/div><\/div><\/div><\/div><\/div><\/div><div class=\"boldRow  \" ><div class=\"boldRowInner\"><div class=\"rowItem col-md-12 col-ms-12  btTextLeft\"  ><div class=\"rowItemContent\" ><div class=\"btClear btSeparator topSmallSpaced bottomSmallSpaced noBorder\" ><hr><\/div><\/div><\/div><\/div><\/div><\/div><\/div><\/div><\/section><section id=\"bt_section69d6f82187036\"  class=\"boldSection inherit bcd\" style=\"background-color:rgb(0,0,0);\"><div class=\"port\"><div class=\"boldCell\"><div class=\"boldCellInner\"><div class=\"boldRow  \" ><div class=\"boldRowInner\"><div class=\"rowItem col-md-12 col-ms-12  btTextCenter inherit\"  ><div class=\"rowItemContent\" ><div class=\"bpgPhoto btTextCenter\" ><div class=\"btImage\"><img decoding=\"async\" src=\"https:\/\/thesmilemission.com\/es\/wp-content\/uploads\/2023\/11\/WhatsApp-Image-2023-11-18-at-5.01.17-AM.jpeg\" alt=\"\" title=\"\"><\/div><\/div><a href=\"tel:%20786-701-8246\" class=\"btBtn btBtn btnFilledStyle btnAccentColor btnMedium btnNormalWidth btnRightPosition btnNoIcon\" ><span class=\"btnInnerText\">Llama ahora<\/span><\/a><div class=\"btClear btSeparator topSmallSpaced bottomSmallSpaced noBorder\" ><hr><\/div><\/div><\/div><\/div><\/div><\/div><\/div><\/div><\/section><section id=\"bt_section69d6f82187593\"  class=\"boldSection gutter\" ><div class=\"port\"><div class=\"boldCell\"><div class=\"boldCellInner\"><div class=\"boldRow  \" ><div class=\"boldRowInner\"><div class=\"rowItem col-md-12 col-ms-12  btTextLeft\"  ><div class=\"rowItemContent\" ><div class=\"btClear btSeparator topSmallSpaced bottomSmallSpaced noBorder\" ><hr><\/div><\/div><\/div><\/div><\/div><div class=\"boldRow  \" ><div class=\"boldRowInner\"><div class=\"rowItem col-md-6 col-sm-12 btTextLeft animate animate-fadein inherit\"  ><div class=\"rowItemContent\" ><div class=\"bpgPhoto btTextCenter btSimpleHoverType\" ><div class=\"btImage\"><img decoding=\"async\" src=\"https:\/\/thesmilemission.com\/es\/wp-content\/uploads\/2021\/09\/allon4.jpg\" alt=\"\" title=\"\"><\/div><\/div><\/div><\/div><div class=\"rowItem col-md-6 col-sm-12 btTextLeft\"  ><div class=\"rowItemContent\" ><div class=\"btClear btSeparator topSmallSpaced bottomSmallSpaced noBorder\" ><hr><\/div><header class=\"header btClear medium  btAccentDash\" ><div class=\"dash\"><h3><span class=\"headline\">Cuales son los beneficios de una sobredentadura?<\/span><\/h3><\/div><\/header><div class=\"servicesItem  btIcoAccentColorIcon btIcoSmallSizeIcon child \"><div class=\"sIcon\"><span class=\"btIco btIcoSmallSize btIcoOutlineType btIcoAccentColor\" ><span  data-ico-fa=\"&#xf00c;\" class=\"btIcoHolder\"><em><\/em><\/span><\/span><\/div><div class=\"sTxt\"><header class=\"header btClear small\" ><div class=\"dash\"><h4><span class=\"headline\">Mejora la apariencia<\/span><\/h4><\/div><\/header><p><\/p><\/div><\/div><div class=\"btClear btSeparator topExtraSmallSpaced noBorder\" ><hr><\/div><div class=\"servicesItem  btIcoAccentColorIcon btIcoSmallSizeIcon child \"><div class=\"sIcon\"><span class=\"btIco btIcoSmallSize btIcoOutlineType btIcoAccentColor\" ><span  data-ico-fa=\"&#xf00c;\" class=\"btIcoHolder\"><em><\/em><\/span><\/span><\/div><div class=\"sTxt\"><header class=\"header btClear small\" ><div class=\"dash\"><h4><span class=\"headline\">Mejora el habla<\/span><\/h4><\/div><\/header><p><\/p><\/div><\/div><div class=\"btClear btSeparator topExtraSmallSpaced noBorder\" ><hr><\/div><div class=\"servicesItem  btIcoAccentColorIcon btIcoSmallSizeIcon child \"><div class=\"sIcon\"><span class=\"btIco btIcoSmallSize btIcoOutlineType btIcoAccentColor\" ><span  data-ico-fa=\"&#xf00c;\" class=\"btIcoHolder\"><em><\/em><\/span><\/span><\/div><div class=\"sTxt\"><header class=\"header btClear small\" ><div class=\"dash\"><h4><span class=\"headline\">Ayuda a comer mejor<\/span><\/h4><\/div><\/header><p><\/p><\/div><\/div><div class=\"btClear btSeparator topExtraSmallSpaced noBorder\" ><hr><\/div><div class=\"servicesItem  btIcoAccentColorIcon btIcoSmallSizeIcon child \"><div class=\"sIcon\"><span class=\"btIco btIcoSmallSize btIcoOutlineType btIcoAccentColor\" ><span  data-ico-fa=\"&#xf00c;\" class=\"btIcoHolder\"><em><\/em><\/span><\/span><\/div><div class=\"sTxt\"><header class=\"header btClear small\" ><div class=\"dash\"><h4><span class=\"headline\">Ayuda el hueso<\/span><\/h4><\/div><\/header><p><\/p><\/div><\/div><div class=\"btClear btSeparator topExtraSmallSpaced noBorder\" ><hr><\/div><div class=\"servicesItem  btIcoAccentColorIcon btIcoSmallSizeIcon child \"><div class=\"sIcon\"><span class=\"btIco btIcoSmallSize btIcoOutlineType btIcoAccentColor\" ><span  data-ico-fa=\"&#xf00c;\" class=\"btIcoHolder\"><em><\/em><\/span><\/span><\/div><div class=\"sTxt\"><header class=\"header btClear small\" ><div class=\"dash\"><h4><span class=\"headline\">Ayuda a el tejido y la mandibula<\/span><\/h4><\/div><\/header><p><\/p><\/div><\/div><div class=\"btClear btSeparator topExtraSmallSpaced noBorder\" ><hr><\/div><div class=\"servicesItem  btIcoAccentColorIcon btIcoSmallSizeIcon child \"><div class=\"sIcon\"><span class=\"btIco btIcoSmallSize btIcoOutlineType btIcoAccentColor\" ><span  data-ico-fa=\"&#xf00c;\" class=\"btIcoHolder\"><em><\/em><\/span><\/span><\/div><div class=\"sTxt\"><header class=\"header btClear small\" ><div class=\"dash\"><h4><span class=\"headline\">Mejora la salud<\/span><\/h4><\/div><\/header><p><\/p><\/div><\/div><div class=\"btClear btSeparator topExtraSmallSpaced noBorder\" ><hr><\/div><div class=\"servicesItem  btIcoAccentColorIcon btIcoSmallSizeIcon child \"><div class=\"sIcon\"><span class=\"btIco btIcoSmallSize btIcoOutlineType btIcoAccentColor\" ><span  data-ico-fa=\"&#xf00c;\" class=\"btIcoHolder\"><em><\/em><\/span><\/span><\/div><div class=\"sTxt\"><header class=\"header btClear small\" ><div class=\"dash\"><h4><span class=\"headline\">Facil de cuidar<\/span><\/h4><\/div><\/header><p><\/p><\/div><\/div><div class=\"btClear btSeparator topExtraSmallSpaced noBorder\" ><hr><\/div><div class=\"servicesItem  btIcoAccentColorIcon btIcoSmallSizeIcon child \"><div class=\"sIcon\"><span class=\"btIco btIcoSmallSize btIcoOutlineType btIcoAccentColor\" ><span  data-ico-fa=\"&#xf00c;\" class=\"btIcoHolder\"><em><\/em><\/span><\/span><\/div><div class=\"sTxt\"><header class=\"header btClear small\" ><div class=\"dash\"><h4><span class=\"headline\">Cambia tu vida !<\/span><\/h4><\/div><\/header><p><\/p><\/div><\/div><\/div><\/div><\/div><\/div><div class=\"boldRow  \" ><div class=\"boldRowInner\"><div class=\"rowItem col-md-12 col-ms-12  btTextLeft\"  ><div class=\"rowItemContent\" ><div class=\"btClear btSeparator topSmallSpaced bottomSmallSpaced noBorder\" ><hr><\/div><\/div><\/div><\/div><\/div><\/div><\/div><\/div><\/section><section id=\"bt_section69d6f82187e91\"  class=\"boldSection gutter\" ><div class=\"port\"><div class=\"boldCell\"><div class=\"boldCellInner\"><div class=\"boldRow  \" ><div class=\"boldRowInner\"><div class=\"rowItem col-md-12 col-ms-12  btTextCenter inherit\"  ><div class=\"rowItemContent\" ><header class=\"header btClear large  btAccentDash\" ><div class=\"dash\"><h2><span class=\"headline\">Todav\u00eda tiene preguntas?<\/span><\/h2><\/div><\/header><div class=\"btClear btSeparator topExtraSmallSpaced bottomExtraSmallSpaced noBorder\" ><hr><\/div><\/div><\/div><\/div><\/div><div class=\"boldRow  \" ><div class=\"boldRowInner\"><div class=\"rowItem col-md-12 col-ms-12  btTextLeft\"  ><div class=\"rowItemContent\" ><div class=\"btTabs tabsVertical \" \" data-open-first=\"\"><ul class=\"tabsHeader\"><li><span>El seguro cubre Reconstrucci\u00f3n De Boca Completa?<\/span><\/li><li><span>\u00bfCu\u00e1l es el proceso?<\/span><\/li><li><span>Cuanto cuesta?<\/span><\/li><\/ul><div class=\"tabPanes accordionPanes\"><div class=\"tabPane\">\r\n\t\t\t<div class=\"tabAccordionTitle\"><span>El seguro cubre Reconstrucci\u00f3n De Boca Completa?<\/span><\/div>\r\n\t\t\t<div class=\"tabAccordionContent\"><div class=\"elementor-accordion-item\">\n<div id=\"elementor-tab-content-2501\" class=\"elementor-tab-content elementor-clearfix elementor-active\" role=\"tabpanel\" data-tab=\"1\" aria-labelledby=\"elementor-tab-title-2501\">\n<div class=\"elementor-accordion-item\">\n<div id=\"elementor-tab-content-2501\" class=\"elementor-tab-content elementor-clearfix elementor-active\" role=\"tabpanel\" data-tab=\"1\" aria-labelledby=\"elementor-tab-title-2501\">\n<div class=\"elementor-accordion-item\">\n<div id=\"elementor-tab-content-2501\" class=\"elementor-tab-content elementor-clearfix elementor-active\" role=\"tabpanel\" data-tab=\"1\" aria-labelledby=\"elementor-tab-title-2501\">\n<div class=\"elementor-accordion-item\">\n<div id=\"elementor-tab-content-2501\" class=\"elementor-tab-content elementor-clearfix elementor-active\" role=\"tabpanel\" data-tab=\"1\" aria-labelledby=\"elementor-tab-title-2501\">\n<p>Si, Reconstrucci\u00f3n De Boca Completa es muchas veces cubierto por el seguro y The Smile Mission acepta m\u00e1s de 100+\u00a0 seguros.<\/p>\n<\/div>\n<\/div>\n<div class=\"elementor-accordion-item\">\n<div id=\"elementor-tab-title-2502\" class=\"elementor-tab-title\" role=\"tab\" data-tab=\"2\" aria-controls=\"elementor-tab-content-2502\" aria-expanded=\"false\"><\/div>\n<\/div>\n<\/div>\n<\/div>\n<\/div>\n<\/div>\n<\/div>\n<\/div>\n<\/div>\r\n\t\t<\/div><div class=\"tabPane\">\r\n\t\t\t<div class=\"tabAccordionTitle\"><span>\u00bfCu\u00e1l es el proceso?<\/span><\/div>\r\n\t\t\t<div class=\"tabAccordionContent\"><div class=\"elementor-accordion-item\">\n<div id=\"elementor-tab-content-2502\" class=\"elementor-tab-content elementor-clearfix elementor-active\" role=\"tabpanel\" data-tab=\"2\" aria-labelledby=\"elementor-tab-title-2502\">\n<div class=\"elementor-accordion-item\">\n<div id=\"elementor-tab-content-2502\" class=\"elementor-tab-content elementor-clearfix elementor-active\" role=\"tabpanel\" data-tab=\"2\" aria-labelledby=\"elementor-tab-title-2502\">\n<p>Despu\u00e9s de una consulta y una revisi\u00f3n de tus rayos X\u2013 el dentista estar\u00eda trabajando por los<br \/>\npr\u00f3ximos d\u00edas con el laboratorio dental para crear tu sonrisa. En tu pr\u00f3xima cita, el dentista<br \/>\npondr\u00e1 los implantes y los dientes<\/p>\n<\/div>\n<\/div>\n<\/div>\n<\/div>\n<\/div>\r\n\t\t<\/div><div class=\"tabPane\">\r\n\t\t\t<div class=\"tabAccordionTitle\"><span>Cuanto cuesta?<\/span><\/div>\r\n\t\t\t<div class=\"tabAccordionContent\"><section class=\"elementor-section elementor-top-section elementor-element elementor-element-d3a5143 elementor-section-boxed elementor-section-height-default elementor-section-height-default\" data-id=\"d3a5143\" data-element_type=\"section\">\n<div class=\"elementor-container elementor-column-gap-default\">\n<div class=\"elementor-row\">\n<div class=\"elementor-column elementor-col-100 elementor-top-column elementor-element elementor-element-e5b58d3\" data-id=\"e5b58d3\" data-element_type=\"column\">\n<div class=\"elementor-column-wrap elementor-element-populated\">\n<div class=\"elementor-widget-wrap\">\n<div class=\"elementor-element elementor-element-ef2722b elementor-widget elementor-widget-accordion\" data-id=\"ef2722b\" data-element_type=\"widget\" data-widget_type=\"accordion.default\">\n<div class=\"elementor-widget-container\">\n<div class=\"elementor-accordion\" role=\"tablist\">\n<div class=\"elementor-accordion-item\">\n<div id=\"elementor-tab-content-2503\" class=\"elementor-tab-content elementor-clearfix elementor-active\" role=\"tabpanel\" data-tab=\"3\" aria-labelledby=\"elementor-tab-title-2503\">\n<p>$199 \/ al mes por 6 a\u00f1os o un solo pago de $10,990<\/p>\n<\/div>\n<\/div>\n<\/div>\n<\/div>\n<\/div>\n<\/div>\n<\/div>\n<\/div>\n<\/div>\n<\/div>\n<\/section>\n<\/div>\r\n\t\t<\/div><\/div><\/div><\/div><\/div><\/div><\/div><div class=\"boldRow  \" ><div class=\"boldRowInner\"><div class=\"rowItem col-md-12 col-ms-12  btTextLeft\"  ><div class=\"rowItemContent\" ><div class=\"btClear btSeparator topSmallSpaced bottomSmallSpaced noBorder\" ><hr><\/div><\/div><\/div><\/div><\/div><\/div><\/div><\/div><\/section><section id=\"bt_section69d6f82188567\"  class=\"boldSection gutter\" ><div class=\"port\"><div class=\"boldCell\"><div class=\"boldCellInner\"><div class=\"boldRow  \" ><div class=\"boldRowInner\"><div class=\"rowItem col-md-12 col-ms-12  btTextCenter inherit\"  ><div class=\"rowItemContent\" ><header class=\"header btClear large  btNormalDash\" ><div class=\"dash\"><h2><span class=\"headline\">SERVICIOS POPULARES<\/span><\/h2><\/div><\/header><div class=\"btClear btSeparator topSmallSpaced bottomSmallSpaced noBorder\" ><hr><\/div><\/div><\/div><\/div><\/div><div class=\"boldRow  \" ><div class=\"boldRowInner\"><div class=\"rowItem col-md-4 col-ms-12 btTextCenter inherit\"  ><div class=\"rowItemContent\" ><div class=\"bpgPhoto btTextCenter btSimpleHoverType\" > \r\n\t\t\t\t\t<a href=\"https:\/\/nicesmiledentallab.com\/es\/invislaign\" target=\"_self\" title=\"\"><\/a>\r\n\t\t\t\t\t<div class=\"boldPhotoBox\"><div class=\"bpbItem\"><div class = \"btImage\"><img decoding=\"async\" src=\"https:\/\/thesmilemission.com\/es\/wp-content\/uploads\/2021\/08\/clear-aligners.jpg\" alt=\"\" title=\"\" ><\/div><\/div><\/div>\r\n\t\t\t\t\t<div class=\"captionPane\">\r\n\t\t\t\t\t\t<div class=\"captionTable\">\r\n\t\t\t\t\t\t\t<div class=\"captionCell\">\r\n\t\t\t\t\t\t\t\t<div class=\"captionTxt\"><\/div>\r\n\t\t\t\t\t\t\t<\/div>\r\n\t\t\t\t\t\t<\/div>\r\n\t\t\t\t\t<\/div><\/div><div class=\"btClear btSeparator topSmallSpaced bottomSmallSpaced noBorder\" ><hr><\/div><header class=\"header btClear medium  btNormalDash\" ><div class=\"dash\"><h3><span class=\"headline\">Alineadores\/ Invisalign<\/span><\/h3><\/div><div class=\"btSubTitle\">$95\/mes\r<br>\r<br><\/div><\/header><\/div><\/div><div class=\"rowItem col-md-4 col-ms-12 btTextCenter inherit\"  ><div class=\"rowItemContent\" ><div class=\"bpgPhoto btTextCenter btSimpleHoverType\" > \r\n\t\t\t\t\t<a href=\"https:\/\/nicesmiledentallab.com\/es\/whitening\" target=\"_self\" title=\"\"><\/a>\r\n\t\t\t\t\t<div class=\"boldPhotoBox\"><div class=\"bpbItem\"><div class = \"btImage\"><img decoding=\"async\" src=\"https:\/\/thesmilemission.com\/es\/wp-content\/uploads\/2021\/08\/whitening-1-1-1.jpg\" alt=\"\" title=\"\" ><\/div><\/div><\/div>\r\n\t\t\t\t\t<div class=\"captionPane\">\r\n\t\t\t\t\t\t<div class=\"captionTable\">\r\n\t\t\t\t\t\t\t<div class=\"captionCell\">\r\n\t\t\t\t\t\t\t\t<div class=\"captionTxt\"><\/div>\r\n\t\t\t\t\t\t\t<\/div>\r\n\t\t\t\t\t\t<\/div>\r\n\t\t\t\t\t<\/div><\/div><div class=\"btClear btSeparator topSmallSpaced bottomSmallSpaced noBorder\" ><hr><\/div><header class=\"header btClear medium  btNormalDash\" ><div class=\"dash\"><h3><span class=\"headline\">Blanqueamiento<\/span><\/h3><\/div><div class=\"btSubTitle\">$50 set de blanqueamiento personalizado\r<br>\r<br><\/div><\/header><\/div><\/div><div class=\"rowItem col-md-4 col-ms-12 btTextCenter inherit\"  ><div class=\"rowItemContent\" ><div class=\"bpgPhoto btTextCenter btSimpleHoverType\" > \r\n\t\t\t\t\t<a href=\"https:\/\/nicesmiledentallab.com\/es\/crowns\/\" target=\"_self\" title=\"\"><\/a>\r\n\t\t\t\t\t<div class=\"boldPhotoBox\"><div class=\"bpbItem\"><div class = \"btImage\"><img decoding=\"async\" src=\"https:\/\/thesmilemission.com\/es\/wp-content\/uploads\/2021\/08\/same-day-crown.jpg\" alt=\"\" title=\"\" ><\/div><\/div><\/div>\r\n\t\t\t\t\t<div class=\"captionPane\">\r\n\t\t\t\t\t\t<div class=\"captionTable\">\r\n\t\t\t\t\t\t\t<div class=\"captionCell\">\r\n\t\t\t\t\t\t\t\t<div class=\"captionTxt\"><\/div>\r\n\t\t\t\t\t\t\t<\/div>\r\n\t\t\t\t\t\t<\/div>\r\n\t\t\t\t\t<\/div><\/div><div class=\"btClear btSeparator topSmallSpaced bottomSmallSpaced noBorder\" ><hr><\/div><header class=\"header btClear medium  btNormalDash\" ><div class=\"dash\"><h3><span class=\"headline\">Coronas<\/span><\/h3><\/div><div class=\"btSubTitle\">Coronas $600<\/div><\/header><\/div><\/div><\/div><\/div><div class=\"boldRow  \" ><div class=\"boldRowInner\"><div class=\"rowItem col-md-12 col-ms-12  btTextLeft\"  ><div class=\"rowItemContent\" ><div class=\"btClear btSeparator topSmallSpaced bottomSmallSpaced noBorder\" ><hr><\/div><\/div><\/div><\/div><\/div><\/div><\/div><\/div><\/section><\/div>","protected":false},"excerpt":{"rendered":"<p>Obtienes dientes fijos permanentes en implantes dentales. Se ven, se sienten y funcionan como dientes naturales. Solo $199\/ por mes<\/p>\n","protected":false},"author":3,"featured_media":0,"parent":0,"menu_order":0,"comment_status":"closed","ping_status":"closed","template":"","meta":{"om_disable_all_campaigns":false,"footnotes":""},"class_list":["post-555","page","type-page","status-publish","hentry"],"_links":{"self":[{"href":"https:\/\/thesmilemission.com\/es\/wp-json\/wp\/v2\/pages\/555"}],"collection":[{"href":"https:\/\/thesmilemission.com\/es\/wp-json\/wp\/v2\/pages"}],"about":[{"href":"https:\/\/thesmilemission.com\/es\/wp-json\/wp\/v2\/types\/page"}],"author":[{"embeddable":true,"href":"https:\/\/thesmilemission.com\/es\/wp-json\/wp\/v2\/users\/3"}],"replies":[{"embeddable":true,"href":"https:\/\/thesmilemission.com\/es\/wp-json\/wp\/v2\/comments?post=555"}],"version-history":[{"count":9,"href":"https:\/\/thesmilemission.com\/es\/wp-json\/wp\/v2\/pages\/555\/revisions"}],"predecessor-version":[{"id":2138,"href":"https:\/\/thesmilemission.com\/es\/wp-json\/wp\/v2\/pages\/555\/revisions\/2138"}],"wp:attachment":[{"href":"https:\/\/thesmilemission.com\/es\/wp-json\/wp\/v2\/media?parent=555"}],"curies":[{"name":"wp","href":"https:\/\/api.w.org\/{rel}","templated":true}]}}