{"id":566,"date":"2021-08-11T17:16:48","date_gmt":"2021-08-11T17:16:48","guid":{"rendered":"https:\/\/nicesmiledentallab.com\/es\/?page_id=566"},"modified":"2023-11-29T10:42:36","modified_gmt":"2023-11-29T10:42:36","slug":"simple-extractions","status":"publish","type":"page","link":"https:\/\/thesmilemission.com\/es\/simple-extractions\/","title":{"rendered":"Extractions"},"content":{"rendered":"<div class=\"bt_bb_wrapper\"><section id=\"bt_section69d729d42c7be\"  class=\"boldSection topSemiSpaced btDarkSkin gutter inherit wBackground cover btAccentColorBackground\" style=\"background-image:url('https:\/\/thesmilemission.com\/es\/wp-content\/uploads\/2015\/12\/bllurred-background.jpg');\"><div class=\"port\"><div class=\"boldCell\"><div class=\"boldCellInner\"><div class=\"boldRow  \" ><div class=\"boldRowInner\"><div class=\"rowItem col-md-12 col-ms-12  btTextLeft animate animate-fadein animate-moveleft inherit\"  ><div class=\"rowItemContent\" ><div class=\"btClear btSeparator topExtraSpaced bottomSmallSpaced noBorder\" ><hr><\/div><header class=\"header btClear medium  btNormalDash\" ><div class=\"dash\"><h3><span class=\"headline\">Extracciones desde $199\/diente\r<br><\/span><\/h3><\/div><\/header><div class=\"btClear btSeparator topExtraSmallSpaced bottomSmallSpaced noBorder\" ><hr><\/div><\/div><\/div><\/div><\/div><\/div><\/div><\/div><\/section><section id=\"bt_section69d729d42cabf\"  class=\"boldSection gutter\" ><div class=\"port\"><div class=\"boldCell\"><div class=\"boldCellInner\"><div class=\"boldRow  \" ><div class=\"boldRowInner\"><div class=\"rowItem col-md-12 col-ms-12  btTextLeft\"  ><div class=\"rowItemContent\" ><div class=\"btClear btSeparator topSmallSpaced bottomSmallSpaced noBorder\" ><hr><\/div><\/div><\/div><\/div><\/div><div class=\"boldRow  \" ><div class=\"boldRowInner\"><div class=\"rowItem col-md-6 col-sm-12 btTextLeft\"  ><div class=\"rowItemContent\" ><div class=\"btClear btSeparator topSmallSpaced bottomSmallSpaced noBorder\" ><hr><\/div><header class=\"header btClear medium  btAccentDash\" ><div class=\"dash\"><h3><span class=\"headline\">Extracciones en the Smile Mission<\/span><\/h3><\/div><div class=\"btSubTitle\">\r<br><ul>\r<br> \t<li>Consulta Gratis<\/li>\r<br> \t<li>Listo el mismo dia!<\/li>\r<br> \t<li>Se realizan todo tipo de extracciones (quir\u00fargicas, muelas del juicio)<\/li>\r<br> \t<li>Extracciones hechas muy suavemente<\/li>\r<br> \t<li>Extracci\u00f3n para Ortodoncia<\/li>\r<br> \t<li>Extracci\u00f3n para un implante dental<\/li>\r<br> \t<li>Diente impactado<\/li>\r<br> \t<li>El diente est\u00e1 demasiado roto para salvarlo<\/li>\r<br> \t<li>Elecci\u00f3n del paciente<\/li>\r<br><\/ul>\r<br>** La p\u00e9rdida de un diente puede tener un impacto negativo en las enc\u00edas y los dientes adyacentes, por lo que extraer un diente es realmente el \u00faltimo recurso.<\/div><\/header><\/div><\/div><div class=\"rowItem col-md-6 col-sm-12 btTextLeft animate animate-fadein inherit\"  ><div class=\"rowItemContent\" ><div class=\"bpgPhoto btTextCenter btSimpleHoverType\" ><div class=\"btImage\"><img decoding=\"async\" src=\"https:\/\/thesmilemission.com\/es\/wp-content\/uploads\/2021\/09\/extraction.jpg\" alt=\"\" title=\"\"><\/div><\/div><\/div><\/div><\/div><\/div><div class=\"boldRow  \" ><div class=\"boldRowInner\"><div class=\"rowItem col-md-12 col-ms-12  btTextLeft\"  ><div class=\"rowItemContent\" ><div class=\"btClear btSeparator topSmallSpaced bottomSmallSpaced noBorder\" ><hr><\/div><\/div><\/div><\/div><\/div><\/div><\/div><\/div><\/section><section id=\"testimonials\"  class=\"boldSection bottomSpaced btDarkSkin gutter inherit\" style=\"background-color:#f9f9f9;\"><div class=\"port\"><div class=\"boldCell\"><div class=\"boldCellInner\"><div class=\"boldRow  \" ><div class=\"boldRowInner\"><div class=\"rowItem col-md-12 col-ms-12  btTextCenter animate animate-fadein animate-moveleft inherit\"  ><div class=\"rowItemContent\" ><header class=\"header btClear extralarge btDash topDash testi btAccentDash\" ><div class=\"btSuperTitle\">La mejor referencia es una buena palabra.<\/div><div class=\"dash\"><h1><span class=\"headline\">TESTI<b class=\"animate\">MONIOS<\/b>\r<br><\/span><\/h1><\/div><\/header><div class=\"btClear btSeparator bottomSemiSpaced noBorder\" ><hr><\/div><\/div><\/div><\/div><\/div><div class=\"boldRow  \" ><div class=\"boldRowInner\"><div class=\"rowItem col-md-12 col-ms-12  btTextLeft\"  ><div class=\"rowItemContent\" ><div class=\"btText\" ><div class=\"ti-widget ti-goog\" data-layout-id=\"4\" data-set-id=\"light-background\" data-pid=\"b5167179c03e50ec942cb\" data-pager-autoplay-timeout=\"6\" > <div class=\"ti-widget-container ti-col-3\"> <div class=\"ti-reviews-container\"> <div class=\"ti-controls\"> <div class=\"ti-next\"><\/div> <div class=\"ti-prev\"><\/div> <\/div> <div class=\"ti-reviews-container-wrapper\">  <div class=\"ti-review-item source-Google\" > <div class=\"ti-inner\"> <div class=\"ti-review-header\"> <div class=\"ti-profile-img\"> <img decoding=\"async\" src=\"https:\/\/lh3.googleusercontent.com\/a\/AATXAJxe3AegTH90CIaG6UAnVPWiDnv0SX4WnzLMNOzQ=s120-c-c-rp-w64-h64-mo-br100\" alt=\"Azucar Cream\" \/> <\/div> <div class=\"ti-profile-details\"> <div class=\"ti-name\">Azucar Cream<\/div> <div class=\"ti-date\">2022-02-10<\/div> <\/div> <\/div> <div class=\"ti-stars\"><span class=\"ti-star f\"><\/span><span class=\"ti-star f\"><\/span><span class=\"ti-star f\"><\/span><span class=\"ti-star f\"><\/span><span class=\"ti-star f\"><\/span><\/div> <div class=\"ti-review-content\"> <!-- R-CONTENT --><!-- R-CONTENT --> <\/div> <\/div> <\/div>  <div class=\"ti-review-item source-Google\" > <div class=\"ti-inner\"> <div class=\"ti-review-header\"> <div class=\"ti-profile-img\"> <img decoding=\"async\" src=\"https:\/\/lh3.googleusercontent.com\/a\/AATXAJyEm414DsAaSEXxe4C75Ye_DwGgxwEuIjvtdBEw=s120-c-c-rp-w64-h64-mo-br100\" alt=\"Marilyn Rodriguez\" \/> <\/div> <div class=\"ti-profile-details\"> <div class=\"ti-name\">Marilyn Rodriguez<\/div> <div class=\"ti-date\">2022-02-08<\/div> <\/div> <\/div> <div class=\"ti-stars\"><span class=\"ti-star f\"><\/span><span class=\"ti-star f\"><\/span><span class=\"ti-star f\"><\/span><span class=\"ti-star f\"><\/span><span class=\"ti-star f\"><\/span><\/div> <div class=\"ti-review-content\"> <!-- R-CONTENT --><!-- R-CONTENT --> <\/div> <\/div> <\/div>  <div class=\"ti-review-item source-Google\" > <div class=\"ti-inner\"> <div class=\"ti-review-header\"> <div class=\"ti-profile-img\"> <img decoding=\"async\" src=\"https:\/\/lh3.googleusercontent.com\/a\/AATXAJzRtQNHYca3Ze1PnuLWiJrX0tKgsqjTpVpx0yEp=s120-c-c-rp-w64-h64-mo-br100\" alt=\"darien Stephenson\" \/> <\/div> <div class=\"ti-profile-details\"> <div class=\"ti-name\">darien Stephenson<\/div> <div class=\"ti-date\">2022-02-05<\/div> <\/div> <\/div> <div class=\"ti-stars\"><span class=\"ti-star f\"><\/span><span class=\"ti-star f\"><\/span><span class=\"ti-star f\"><\/span><span class=\"ti-star f\"><\/span><span class=\"ti-star f\"><\/span><\/div> <div class=\"ti-review-content\"> <!-- R-CONTENT --><!-- R-CONTENT --> <\/div> <\/div> <\/div>  <div class=\"ti-review-item source-Google\" > <div class=\"ti-inner\"> <div class=\"ti-review-header\"> <div class=\"ti-profile-img\"> <img decoding=\"async\" src=\"https:\/\/lh3.googleusercontent.com\/a\/AATXAJwFyDSPtzc1XfW-y3jwSQIZATq3wIvytJVx6hSu=s120-c-c-rp-w64-h64-mo-br100\" alt=\"Castan Georges\" \/> <\/div> <div class=\"ti-profile-details\"> <div class=\"ti-name\">Castan Georges<\/div> <div class=\"ti-date\">2022-02-05<\/div> <\/div> <\/div> <div class=\"ti-stars\"><span class=\"ti-star f\"><\/span><span class=\"ti-star f\"><\/span><span class=\"ti-star f\"><\/span><span class=\"ti-star f\"><\/span><span class=\"ti-star f\"><\/span><\/div> <div class=\"ti-review-content\"> <!-- R-CONTENT --><!-- R-CONTENT --> <\/div> <\/div> <\/div>  <div class=\"ti-review-item source-Google\" > <div class=\"ti-inner\"> <div class=\"ti-review-header\"> <div class=\"ti-profile-img\"> <img decoding=\"async\" src=\"https:\/\/lh3.googleusercontent.com\/a\/AATXAJxzxyDQN35U3YC072rro7va3AqNRj_OtcD_jaim=s120-c-c-rp-w64-h64-mo-br100\" alt=\"Cathy Daniels\" \/> <\/div> <div class=\"ti-profile-details\"> <div class=\"ti-name\">Cathy Daniels<\/div> <div class=\"ti-date\">2022-02-03<\/div> <\/div> <\/div> <div class=\"ti-stars\"><span class=\"ti-star f\"><\/span><span class=\"ti-star f\"><\/span><span class=\"ti-star f\"><\/span><span class=\"ti-star f\"><\/span><span class=\"ti-star f\"><\/span><\/div> <div class=\"ti-review-content\"> <!-- R-CONTENT -->thanks for caring\u2026<!-- R-CONTENT --> <\/div> <\/div> <\/div>  <div class=\"ti-review-item source-Google\" > <div class=\"ti-inner\"> <div class=\"ti-review-header\"> <div class=\"ti-profile-img\"> <img decoding=\"async\" src=\"https:\/\/lh3.googleusercontent.com\/a\/AATXAJzzKwU6u7RRVazcjOU0NwkveFdi-edZZGgrNWCE=s120-c-c-rp-w64-h64-mo-br100\" alt=\"Dalia Jiro\" \/> <\/div> <div class=\"ti-profile-details\"> <div class=\"ti-name\">Dalia Jiro<\/div> <div class=\"ti-date\">2022-02-03<\/div> <\/div> <\/div> <div class=\"ti-stars\"><span class=\"ti-star f\"><\/span><span class=\"ti-star f\"><\/span><span class=\"ti-star f\"><\/span><span class=\"ti-star f\"><\/span><span class=\"ti-star f\"><\/span><\/div> <div class=\"ti-review-content\"> <!-- R-CONTENT -->The Smile Mission is absolutely FABULOUS\u2026 I went there for two fillings and didn\u2019t feel a thing\u2026 The staff is warm and Courteous and they don\u2019t leave you alone to sit for a long time at all. Definitely going back. Thank you Smile Mission. YOUR THE BEST!!!!<!-- R-CONTENT --> <\/div> <\/div> <\/div>  <div class=\"ti-review-item source-Google\" > <div class=\"ti-inner\"> <div class=\"ti-review-header\"> <div class=\"ti-profile-img\"> <img decoding=\"async\" src=\"https:\/\/lh3.googleusercontent.com\/a\/AATXAJw8IGJUgDAbI1Yw-Nlt_QLzVZPR7NhYgwOuBcDa=s120-c-c-rp-w64-h64-mo-br100\" alt=\"Dayana Polanco\" \/> <\/div> <div class=\"ti-profile-details\"> <div class=\"ti-name\">Dayana Polanco<\/div> <div class=\"ti-date\">2022-01-30<\/div> <\/div> <\/div> <div class=\"ti-stars\"><span class=\"ti-star f\"><\/span><span class=\"ti-star f\"><\/span><span class=\"ti-star f\"><\/span><span class=\"ti-star f\"><\/span><span class=\"ti-star f\"><\/span><\/div> <div class=\"ti-review-content\"> <!-- R-CONTENT --><!-- R-CONTENT --> <\/div> <\/div> <\/div>  <div class=\"ti-review-item source-Google\" > <div class=\"ti-inner\"> <div class=\"ti-review-header\"> <div class=\"ti-profile-img\"> <img decoding=\"async\" src=\"https:\/\/lh3.googleusercontent.com\/a-\/AOh14GhwNEXUKhP6GplWNG0hv85jv9SvQ4WcjSOf-FAq3Q=s120-c-c-rp-w64-h64-mo-br100\" alt=\"Anna Nap\" \/> <\/div> <div class=\"ti-profile-details\"> <div class=\"ti-name\">Anna Nap<\/div> <div class=\"ti-date\">2022-01-29<\/div> <\/div> <\/div> <div class=\"ti-stars\"><span class=\"ti-star f\"><\/span><span class=\"ti-star f\"><\/span><span class=\"ti-star f\"><\/span><span class=\"ti-star f\"><\/span><span class=\"ti-star f\"><\/span><\/div> <div class=\"ti-review-content\"> <!-- R-CONTENT --><!-- R-CONTENT --> <\/div> <\/div> <\/div>  <div class=\"ti-review-item source-Google\" > <div class=\"ti-inner\"> <div class=\"ti-review-header\"> <div class=\"ti-profile-img\"> <img decoding=\"async\" src=\"https:\/\/lh3.googleusercontent.com\/a\/AATXAJx-x30shYmW9gZKKwaEVwM7dYhdaMO8nmZ72my4=s120-c-c-rp-w64-h64-mo-br100\" alt=\"David Morais\" \/> <\/div> <div class=\"ti-profile-details\"> <div class=\"ti-name\">David Morais<\/div> <div class=\"ti-date\">2022-01-27<\/div> <\/div> <\/div> <div class=\"ti-stars\"><span class=\"ti-star f\"><\/span><span class=\"ti-star f\"><\/span><span class=\"ti-star f\"><\/span><span class=\"ti-star f\"><\/span><span class=\"ti-star f\"><\/span><\/div> <div class=\"ti-review-content\"> <!-- R-CONTENT --><!-- R-CONTENT --> <\/div> <\/div> <\/div>  <div class=\"ti-review-item source-Google\" > <div class=\"ti-inner\"> <div class=\"ti-review-header\"> <div class=\"ti-profile-img\"> <img decoding=\"async\" src=\"https:\/\/lh3.googleusercontent.com\/a\/AATXAJycXcC5VNIz8KVkyyZFip0iyPyaqLhPwmzkC9xv=s120-c-c-rp-w64-h64-mo-br100\" alt=\"Jorge Llaguno\" \/> <\/div> <div class=\"ti-profile-details\"> <div class=\"ti-name\">Jorge Llaguno<\/div> <div class=\"ti-date\">2022-01-20<\/div> <\/div> <\/div> <div class=\"ti-stars\"><span class=\"ti-star f\"><\/span><span class=\"ti-star f\"><\/span><span class=\"ti-star f\"><\/span><span class=\"ti-star f\"><\/span><span class=\"ti-star f\"><\/span><\/div> <div class=\"ti-review-content\"> <!-- R-CONTENT -->Today from front desk till Teresa the dental assistance who so detailed and dedicate in cleaning my teeth I just need to said  a big plus and ty.<!-- R-CONTENT --> <\/div> <\/div> <\/div>  <\/div> <div class=\"ti-controls-dots\"> <div class=\"dot active\"><\/div> <\/div> <\/div> <div class=\"ti-footer\"> <div class=\"ti-rating-text\"> <span class=\"nowrap\"><strong>Google<\/strong> rating score: <\/span><span class=\"nowrap\"><strong>4.9<\/strong> of 5, <\/span><span class=\"nowrap\">based on <strong>227 reviews<\/strong>.<\/span> <\/div> <\/div> <\/div> <\/div><\/div><div class=\"btClear btSeparator bottomSemiSpaced noBorder\" ><hr><\/div><\/div><\/div><\/div><\/div><div class=\"boldRow  \" ><div class=\"boldRowInner\"><div class=\"rowItem col-md-4 col-ms-12 btTextLeft animate animate-fadein animate-moveup inherit\"  ><div class=\"rowItemContent\" ><iframe src=\"https:\/\/www.facebook.com\/plugins\/post.php?href=https%3A%2F%2Fwww.facebook.com%2Fsusanmkrieg%2Fposts%2F10224146015231394&#038;show_text=true&#038;width=500\" width=\"500\" height=\"500px\" style=\"border:none;overflow:hidden\" scrolling=\"no\" frameborder=\"0\" allowfullscreen=\"true\" allow=\"autoplay; clipboard-write; encrypted-media; picture-in-picture; web-share\"><\/iframe><div class=\"btClear btSeparator bottomSmallSpaced noBorder\" ><hr><\/div><\/div><\/div><div class=\"rowItem col-md-4 col-ms-12 btTextLeft animate animate-fadein animate-moveup inherit\"  ><div class=\"rowItemContent\" ><iframe src=\"https:\/\/www.facebook.com\/plugins\/post.php?href=https%3A%2F%2Fwww.facebook.com%2Fpermalink.php%3Fstory_fbid%3D1308669962923145%26id%3D100013404601357&#038;show_text=true&#038;width=500\" width=\"500\" height=\"500px\" style=\"border:none;overflow:hidden\" scrolling=\"no\" frameborder=\"0\" allowfullscreen=\"true\" allow=\"autoplay; clipboard-write; encrypted-media; picture-in-picture; web-share\"><\/iframe><div class=\"btClear btSeparator bottomSmallSpaced noBorder\" ><hr><\/div><\/div><\/div><div class=\"rowItem col-md-4 col-ms-12 btTextLeft animate animate-fadein animate-moveup inherit\"  ><div class=\"rowItemContent\" ><iframe src=\"https:\/\/www.facebook.com\/plugins\/post.php?href=https%3A%2F%2Fwww.facebook.com%2Fpermalink.php%3Fstory_fbid%3D2134580890032430%26id%3D100004416197538&#038;show_text=true&#038;width=500\" width=\"500\" height=\"500px\" style=\"border:none;overflow:hidden\" scrolling=\"no\" frameborder=\"0\" allowfullscreen=\"true\" allow=\"autoplay; clipboard-write; encrypted-media; picture-in-picture; web-share\"><\/iframe><div class=\"btClear btSeparator bottomSmallSpaced noBorder\" ><hr><\/div><\/div><\/div><\/div><\/div><div class=\"boldRow  \" ><div class=\"boldRowInner\"><div class=\"rowItem col-md-4 col-ms-12 btTextLeft animate animate-fadein animate-moveup inherit\"  ><div class=\"rowItemContent\" ><iframe src=\"https:\/\/www.facebook.com\/plugins\/post.php?href=https%3A%2F%2Fwww.facebook.com%2Fpermalink.php%3Fstory_fbid%3D2980442458835636%26id%3D100006097337871&#038;show_text=true&#038;width=500\" width=\"500\" height=\"500px\" style=\"border:none;overflow:hidden\" scrolling=\"no\" frameborder=\"0\" allowfullscreen=\"true\" allow=\"autoplay; clipboard-write; encrypted-media; picture-in-picture; web-share\"><\/iframe><div class=\"btClear btSeparator bottomSmallSpaced noBorder\" ><hr><\/div><\/div><\/div><div class=\"rowItem col-md-4 col-ms-12 btTextLeft animate animate-fadein animate-moveup inherit\"  ><div class=\"rowItemContent\" ><iframe src=\"https:\/\/www.facebook.com\/plugins\/post.php?href=https%3A%2F%2Fwww.facebook.com%2Fdamaris.amat%2Fposts%2F1282885918799529&#038;show_text=true&#038;width=500\" width=\"500\" height=\"500px\" style=\"border:none;overflow:hidden\" scrolling=\"no\" frameborder=\"0\" allowfullscreen=\"true\" allow=\"autoplay; clipboard-write; encrypted-media; picture-in-picture; web-share\"><\/iframe><div class=\"btClear btSeparator bottomSmallSpaced noBorder\" ><hr><\/div><\/div><\/div><div class=\"rowItem col-md-4 col-ms-12 btTextLeft animate animate-fadein animate-moveup inherit\"  ><div class=\"rowItemContent\" ><iframe src=\"https:\/\/www.facebook.com\/plugins\/post.php?href=https%3A%2F%2Fwww.facebook.com%2Fjavier.villalobos.549221%2Fposts%2F354314269643181&#038;show_text=true&#038;width=500\" width=\"500\" height=\"500px\" style=\"border:none;overflow:hidden\" scrolling=\"no\" frameborder=\"0\" allowfullscreen=\"true\" allow=\"autoplay; clipboard-write; encrypted-media; picture-in-picture; web-share\"><\/iframe><div class=\"btClear btSeparator bottomSmallSpaced noBorder\" ><hr><\/div><\/div><\/div><\/div><\/div><div class=\"boldRow  \" ><div class=\"boldRowInner\"><div class=\"rowItem col-md-12 col-ms-12  btTextCenter animate animate-fadein animate-moveup inherit\"  ><div class=\"rowItemContent\" ><a href=\"https:\/\/nicesmiledentallab.com\/our-reviews\/\" class=\"btBtn btBtn btnFilledStyle btnAccentColor btnMedium btnNormalWidth btnRightPosition btnNoIcon\" ><span class=\"btnInnerText\">Leer m\u00e1s rese\u00f1as<\/span><\/a><div class=\"btClear btSeparator bottomSmallSpaced noBorder\" ><hr><\/div><\/div><\/div><\/div><\/div><\/div><\/div><\/div><\/section><section id=\"bt_section69d729d42eced\"  class=\"boldSection gutter\" ><div class=\"port\"><div class=\"boldCell\"><div class=\"boldCellInner\"><div class=\"boldRow  \" ><div class=\"boldRowInner\"><div class=\"rowItem col-md-12 col-ms-12  btTextCenter inherit\"  ><div class=\"rowItemContent\" ><header class=\"header btClear large  btNormalDash\" ><div class=\"dash\"><h2><span class=\"headline\">Popular Services\r<br><\/span><\/h2><\/div><\/header><div class=\"btClear btSeparator topSmallSpaced bottomSmallSpaced noBorder\" ><hr><\/div><\/div><\/div><\/div><\/div><div class=\"boldRow  \" ><div class=\"boldRowInner\"><div class=\"rowItem col-md-4 col-ms-12 btTextCenter inherit\"  ><div class=\"rowItemContent\" ><div class=\"bpgPhoto btTextCenter btSimpleHoverType\" > \r\n\t\t\t\t\t<a href=\"https:\/\/nicesmiledentallab.com\/es\/invislaign\" target=\"_self\" title=\"\"><\/a>\r\n\t\t\t\t\t<div class=\"boldPhotoBox\"><div class=\"bpbItem\"><div class = \"btImage\"><img decoding=\"async\" src=\"https:\/\/thesmilemission.com\/es\/wp-content\/uploads\/2021\/08\/clear-aligners.jpg\" alt=\"\" title=\"\" ><\/div><\/div><\/div>\r\n\t\t\t\t\t<div class=\"captionPane\">\r\n\t\t\t\t\t\t<div class=\"captionTable\">\r\n\t\t\t\t\t\t\t<div class=\"captionCell\">\r\n\t\t\t\t\t\t\t\t<div class=\"captionTxt\"><\/div>\r\n\t\t\t\t\t\t\t<\/div>\r\n\t\t\t\t\t\t<\/div>\r\n\t\t\t\t\t<\/div><\/div><div class=\"btClear btSeparator topSmallSpaced bottomSmallSpaced noBorder\" ><hr><\/div><header class=\"header btClear medium  btNormalDash\" ><div class=\"dash\"><h3><span class=\"headline\">Invisalign \/ Alineadores transparentes<\/span><\/h3><\/div><div class=\"btSubTitle\">$95\/mes\r<br>\r<br><\/div><\/header><\/div><\/div><div class=\"rowItem col-md-4 col-ms-12 btTextCenter inherit\"  ><div class=\"rowItemContent\" ><div class=\"bpgPhoto btTextCenter btSimpleHoverType\" > \r\n\t\t\t\t\t<a href=\"https:\/\/nicesmiledentallab.com\/es\/\/implants\" target=\"_self\" title=\"\"><\/a>\r\n\t\t\t\t\t<div class=\"boldPhotoBox\"><div class=\"bpbItem\"><div class = \"btImage\"><img decoding=\"async\" src=\"https:\/\/thesmilemission.com\/es\/wp-content\/uploads\/2021\/08\/IMPLANTS.jpg\" alt=\"\" title=\"\" ><\/div><\/div><\/div>\r\n\t\t\t\t\t<div class=\"captionPane\">\r\n\t\t\t\t\t\t<div class=\"captionTable\">\r\n\t\t\t\t\t\t\t<div class=\"captionCell\">\r\n\t\t\t\t\t\t\t\t<div class=\"captionTxt\"><\/div>\r\n\t\t\t\t\t\t\t<\/div>\r\n\t\t\t\t\t\t<\/div>\r\n\t\t\t\t\t<\/div><\/div><div class=\"btClear btSeparator topSmallSpaced bottomSmallSpaced noBorder\" ><hr><\/div><header class=\"header btClear medium  btNormalDash\" ><div class=\"dash\"><h3><span class=\"headline\">Implantes<\/span><\/h3><\/div><div class=\"btSubTitle\">$49\/Mes\r<br><\/div><\/header><\/div><\/div><div class=\"rowItem col-md-4 col-ms-12 btTextCenter inherit\"  ><div class=\"rowItemContent\" ><div class=\"bpgPhoto btTextCenter btSimpleHoverType\" > \r\n\t\t\t\t\t<a href=\"https:\/\/nicesmiledentallab.com\/es\/whitening\" target=\"_self\" title=\"\"><\/a>\r\n\t\t\t\t\t<div class=\"boldPhotoBox\"><div class=\"bpbItem\"><div class = \"btImage\"><img decoding=\"async\" src=\"https:\/\/thesmilemission.com\/es\/wp-content\/uploads\/2021\/08\/whitening-1-1-1.jpg\" alt=\"\" title=\"\" ><\/div><\/div><\/div>\r\n\t\t\t\t\t<div class=\"captionPane\">\r\n\t\t\t\t\t\t<div class=\"captionTable\">\r\n\t\t\t\t\t\t\t<div class=\"captionCell\">\r\n\t\t\t\t\t\t\t\t<div class=\"captionTxt\"><\/div>\r\n\t\t\t\t\t\t\t<\/div>\r\n\t\t\t\t\t\t<\/div>\r\n\t\t\t\t\t<\/div><\/div><div class=\"btClear btSeparator topSmallSpaced bottomSmallSpaced noBorder\" ><hr><\/div><header class=\"header btClear medium  btNormalDash\" ><div class=\"dash\"><h3><span class=\"headline\">Blanqueo<\/span><\/h3><\/div><div class=\"btSubTitle\">Juego de blanqueamiento personalizado de $50\r<br><\/div><\/header><\/div><\/div><\/div><\/div><\/div><\/div><\/div><\/section><\/div>","protected":false},"excerpt":{"rendered":"<p>** La p\u00e9rdida de un diente puede tener un impacto negativo en las enc\u00edas y los dientes adyacentes, por lo que extraer un diente es realmente el \u00faltimo recurso.<\/p>\n","protected":false},"author":3,"featured_media":0,"parent":0,"menu_order":0,"comment_status":"closed","ping_status":"closed","template":"","meta":{"om_disable_all_campaigns":false,"footnotes":""},"class_list":["post-566","page","type-page","status-publish","hentry"],"_links":{"self":[{"href":"https:\/\/thesmilemission.com\/es\/wp-json\/wp\/v2\/pages\/566"}],"collection":[{"href":"https:\/\/thesmilemission.com\/es\/wp-json\/wp\/v2\/pages"}],"about":[{"href":"https:\/\/thesmilemission.com\/es\/wp-json\/wp\/v2\/types\/page"}],"author":[{"embeddable":true,"href":"https:\/\/thesmilemission.com\/es\/wp-json\/wp\/v2\/users\/3"}],"replies":[{"embeddable":true,"href":"https:\/\/thesmilemission.com\/es\/wp-json\/wp\/v2\/comments?post=566"}],"version-history":[{"count":9,"href":"https:\/\/thesmilemission.com\/es\/wp-json\/wp\/v2\/pages\/566\/revisions"}],"predecessor-version":[{"id":2123,"href":"https:\/\/thesmilemission.com\/es\/wp-json\/wp\/v2\/pages\/566\/revisions\/2123"}],"wp:attachment":[{"href":"https:\/\/thesmilemission.com\/es\/wp-json\/wp\/v2\/media?parent=566"}],"curies":[{"name":"wp","href":"https:\/\/api.w.org\/{rel}","templated":true}]}}