{"id":569,"date":"2021-08-11T17:16:48","date_gmt":"2021-08-11T17:16:48","guid":{"rendered":"https:\/\/nicesmiledentallab.com\/es\/?page_id=569"},"modified":"2022-05-03T17:42:33","modified_gmt":"2022-05-03T17:42:33","slug":"over-dentures","status":"publish","type":"page","link":"https:\/\/thesmilemission.com\/es\/over-dentures\/","title":{"rendered":"Overdentures"},"content":{"rendered":"<div class=\"bt_bb_wrapper\"><section id=\"bt_section69d7143bd23bd\"  class=\"boldSection topSemiSpaced btDarkSkin gutter inherit wBackground cover btAccentColorBackground\" style=\"background-image:url('https:\/\/thesmilemission.com\/es\/wp-content\/uploads\/2015\/12\/bllurred-background.jpg');\"><div class=\"port\"><div class=\"boldCell\"><div class=\"boldCellInner\"><div class=\"boldRow  \" ><div class=\"boldRowInner\"><div class=\"rowItem col-md-12 col-ms-12  btTextLeft animate animate-fadein animate-moveleft inherit\"  ><div class=\"rowItemContent\" ><div class=\"btClear btSeparator topExtraSpaced bottomSmallSpaced noBorder\" ><hr><\/div><header class=\"header btClear extralarge  btNormalDash\" ><div class=\"dash\"><h1><span class=\"headline\">Sobredentaduras<\/span><\/h1><\/div><\/header><div class=\"btClear btSeparator topExtraSmallSpaced bottomSmallSpaced noBorder\" ><hr><\/div><\/div><\/div><\/div><\/div><\/div><\/div><\/div><\/section><section id=\"bt_section69d7143bd2642\"  class=\"boldSection gutter\" ><div class=\"port\"><div class=\"boldCell\"><div class=\"boldCellInner\"><div class=\"boldRow  \" ><div class=\"boldRowInner\"><div class=\"rowItem col-md-12 col-ms-12  btTextLeft\"  ><div class=\"rowItemContent\" ><div class=\"btClear btSeparator topSmallSpaced bottomSmallSpaced noBorder\" ><hr><\/div><\/div><\/div><\/div><\/div><div class=\"boldRow  \" ><div class=\"boldRowInner\"><div class=\"rowItem col-md-6 col-sm-12 btTextLeft\"  ><div class=\"rowItemContent\" ><div class=\"btClear btSeparator topSmallSpaced bottomSmallSpaced noBorder\" ><hr><\/div><header class=\"header btClear medium  btAccentDash\" ><div class=\"dash\"><h3><span class=\"headline\">Sobredentaduras por 63% menos<\/span><\/h3><\/div><div class=\"btSubTitle\">Solo 149\/ al mes<\/div><\/header><div class=\"servicesItem  btIcoAccentColorIcon btIcoSmallSizeIcon child \"><div class=\"sIcon\"><span class=\"btIco btIcoSmallSize btIcoOutlineType btIcoAccentColor\" ><span  data-ico-fa=\"&#xf00c;\" class=\"btIcoHolder\"><em><\/em><\/span><\/span><\/div><div class=\"sTxt\"><header class=\"header btClear small\" ><div class=\"dash\"><h4><span class=\"headline\">Dentadura con soporte de 2 a 4 implantes<\/span><\/h4><\/div><\/header><p><\/p><\/div><\/div><div class=\"btClear btSeparator topExtraSmallSpaced noBorder\" ><hr><\/div><div class=\"servicesItem  btIcoAccentColorIcon btIcoSmallSizeIcon child \"><div class=\"sIcon\"><span class=\"btIco btIcoSmallSize btIcoOutlineType btIcoAccentColor\" ><span  data-ico-fa=\"&#xf00c;\" class=\"btIcoHolder\"><em><\/em><\/span><\/span><\/div><div class=\"sTxt\"><header class=\"header btClear small\" ><div class=\"dash\"><h4><span class=\"headline\">Mejora la apariencia<\/span><\/h4><\/div><\/header><p><\/p><\/div><\/div><div class=\"btClear btSeparator topExtraSmallSpaced noBorder\" ><hr><\/div><div class=\"servicesItem  btIcoAccentColorIcon btIcoSmallSizeIcon child \"><div class=\"sIcon\"><span class=\"btIco btIcoSmallSize btIcoOutlineType btIcoAccentColor\" ><span  data-ico-fa=\"&#xf00c;\" class=\"btIcoHolder\"><em><\/em><\/span><\/span><\/div><div class=\"sTxt\"><header class=\"header btClear small\" ><div class=\"dash\"><h4><span class=\"headline\">Mejora el habla<\/span><\/h4><\/div><\/header><p><\/p><\/div><\/div><div class=\"btClear btSeparator topExtraSmallSpaced noBorder\" ><hr><\/div><div class=\"servicesItem  btIcoAccentColorIcon btIcoSmallSizeIcon child \"><div class=\"sIcon\"><span class=\"btIco btIcoSmallSize btIcoOutlineType btIcoAccentColor\" ><span  data-ico-fa=\"&#xf00c;\" class=\"btIcoHolder\"><em><\/em><\/span><\/span><\/div><div class=\"sTxt\"><header class=\"header btClear small\" ><div class=\"dash\"><h4><span class=\"headline\">Permite comer mejor<\/span><\/h4><\/div><\/header><p><\/p><\/div><\/div><div class=\"btClear btSeparator topExtraSmallSpaced noBorder\" ><hr><\/div><div class=\"servicesItem  btIcoAccentColorIcon btIcoSmallSizeIcon child \"><div class=\"sIcon\"><span class=\"btIco btIcoSmallSize btIcoOutlineType btIcoAccentColor\" ><span  data-ico-fa=\"&#xf00c;\" class=\"btIcoHolder\"><em><\/em><\/span><\/span><\/div><div class=\"sTxt\"><header class=\"header btClear small\" ><div class=\"dash\"><h4><span class=\"headline\">Cambia tu vida!<\/span><\/h4><\/div><\/header><p><\/p><\/div><\/div><div class=\"btClear btSeparator topSmallSpaced bottomExtraSmallSpaced noBorder\" ><hr><\/div><a href=\"tel:786-701-8246\" class=\"btBtn btBtn btnFilledStyle btnAccentColor btnMedium btnNormalWidth btnRightPosition btnNoIcon\" ><span class=\"btnInnerText\">Haz clic para llamar<\/span><\/a><\/div><\/div><div class=\"rowItem col-md-6 col-sm-12 btTextLeft animate animate-fadein inherit\"  ><div class=\"rowItemContent\" ><div class=\"bpgPhoto btTextCenter btSimpleHoverType\" ><div class=\"btImage\"><img decoding=\"async\" src=\"https:\/\/thesmilemission.com\/es\/wp-content\/uploads\/2021\/09\/denturesss-collage.jpg\" alt=\"\" title=\"\"><\/div><\/div><\/div><\/div><\/div><\/div><div class=\"boldRow  \" ><div class=\"boldRowInner\"><div class=\"rowItem col-md-12 col-ms-12  btTextLeft\"  ><div class=\"rowItemContent\" ><div class=\"btClear btSeparator topSmallSpaced bottomSmallSpaced noBorder\" ><hr><\/div><\/div><\/div><\/div><\/div><\/div><\/div><\/div><\/section><section id=\"bt_section69d7143bd3293\"  class=\"boldSection gutter\" ><div class=\"port\"><div class=\"boldCell\"><div class=\"boldCellInner\"><div class=\"boldRow  \" ><div class=\"boldRowInner\"><div class=\"rowItem col-md-12 col-ms-12  btTextLeft\"  ><div class=\"rowItemContent\" ><div class=\"btClear btSeparator topSmallSpaced bottomSmallSpaced noBorder\" ><hr><\/div><\/div><\/div><\/div><\/div><div class=\"boldRow  \" ><div class=\"boldRowInner\"><div class=\"rowItem col-md-6 col-sm-12 btTextLeft animate animate-fadein inherit\"  ><div class=\"rowItemContent\" ><div class=\"bpgPhoto btTextCenter btSimpleHoverType\" ><div class=\"btImage\"><img decoding=\"async\" src=\"https:\/\/thesmilemission.com\/es\/wp-content\/uploads\/2021\/09\/overdenturesimg.jpg\" alt=\"\" title=\"\"><\/div><\/div><\/div><\/div><div class=\"rowItem col-md-6 col-sm-12 btTextLeft\"  ><div class=\"rowItemContent\" ><div class=\"btClear btSeparator topSmallSpaced bottomSmallSpaced noBorder\" ><hr><\/div><header class=\"header btClear medium  btAccentDash\" ><div class=\"dash\"><h3><span class=\"headline\">Que es una sobredentadura?<\/span><\/h3><\/div><div class=\"btSubTitle\">Si un paciente no tiene los dientes de abajo, entonces van a conseguir una dentadura completa para reemplazar sus dientes. Una dentadura baja usualmente se desliza por la boca y se puede caer, usualmente es usada solo por est\u00e9tica. Una sobredentadura de abajo es diferente. Una sobredentadura encaja en 2 o 4 implantes haci\u00e9ndola muy estable. Pacientes pueden comer y hablar con una sobredentadura. Te puede cambiar la vida completamente La sobredentadura puede ser para ambos la parte de arriba y la de abajo, pero es m\u00e1s com\u00fan que sea para la parte de abajo ya que tienen m\u00e1s impacto all\u00ed.\r<br><\/div><\/header><div class=\"btClear btSeparator topSmallSpaced bottomSmallSpaced noBorder\" ><hr><\/div><header class=\"header btClear medium  btAccentDash\" ><div class=\"dash\"><h3><span class=\"headline\">\u00bfCu\u00e1les son los beneficios para una sobredentadura?<\/span><\/h3><\/div><\/header><div class=\"servicesItem  btIcoAccentColorIcon btIcoSmallSizeIcon child \"><div class=\"sIcon\"><span class=\"btIco btIcoSmallSize btIcoOutlineType btIcoAccentColor\" ><span  data-ico-fa=\"&#xf00c;\" class=\"btIcoHolder\"><em><\/em><\/span><\/span><\/div><div class=\"sTxt\"><header class=\"header btClear small\" ><div class=\"dash\"><h4><span class=\"headline\">Mejor apariencia<\/span><\/h4><\/div><\/header><p><\/p><\/div><\/div><div class=\"btClear btSeparator topExtraSmallSpaced noBorder\" ><hr><\/div><div class=\"servicesItem  btIcoAccentColorIcon btIcoSmallSizeIcon child \"><div class=\"sIcon\"><span class=\"btIco btIcoSmallSize btIcoOutlineType btIcoAccentColor\" ><span  data-ico-fa=\"&#xf00c;\" class=\"btIcoHolder\"><em><\/em><\/span><\/span><\/div><div class=\"sTxt\"><header class=\"header btClear small\" ><div class=\"dash\"><h4><span class=\"headline\">Mejor habla<\/span><\/h4><\/div><\/header><p><\/p><\/div><\/div><div class=\"btClear btSeparator topExtraSmallSpaced noBorder\" ><hr><\/div><div class=\"servicesItem  btIcoAccentColorIcon btIcoSmallSizeIcon child \"><div class=\"sIcon\"><span class=\"btIco btIcoSmallSize btIcoOutlineType btIcoAccentColor\" ><span  data-ico-fa=\"&#xf00c;\" class=\"btIcoHolder\"><em><\/em><\/span><\/span><\/div><div class=\"sTxt\"><header class=\"header btClear small\" ><div class=\"dash\"><h4><span class=\"headline\">Puedes comer mejor<\/span><\/h4><\/div><\/header><p><\/p><\/div><\/div><div class=\"btClear btSeparator topExtraSmallSpaced noBorder\" ><hr><\/div><div class=\"servicesItem  btIcoAccentColorIcon btIcoSmallSizeIcon child \"><div class=\"sIcon\"><span class=\"btIco btIcoSmallSize btIcoOutlineType btIcoAccentColor\" ><span  data-ico-fa=\"&#xf00c;\" class=\"btIcoHolder\"><em><\/em><\/span><\/span><\/div><div class=\"sTxt\"><header class=\"header btClear small\" ><div class=\"dash\"><h4><span class=\"headline\">Mejora tu hueso<\/span><\/h4><\/div><\/header><p><\/p><\/div><\/div><div class=\"btClear btSeparator topExtraSmallSpaced noBorder\" ><hr><\/div><div class=\"servicesItem  btIcoAccentColorIcon btIcoSmallSizeIcon child \"><div class=\"sIcon\"><span class=\"btIco btIcoSmallSize btIcoOutlineType btIcoAccentColor\" ><span  data-ico-fa=\"&#xf00c;\" class=\"btIcoHolder\"><em><\/em><\/span><\/span><\/div><div class=\"sTxt\"><header class=\"header btClear small\" ><div class=\"dash\"><h4><span class=\"headline\">Cambia tu vida<\/span><\/h4><\/div><\/header><p><\/p><\/div><\/div><\/div><\/div><\/div><\/div><div class=\"boldRow  \" ><div class=\"boldRowInner\"><div class=\"rowItem col-md-12 col-ms-12  btTextLeft\"  ><div class=\"rowItemContent\" ><div class=\"btClear btSeparator topSmallSpaced bottomSmallSpaced noBorder\" ><hr><\/div><\/div><\/div><\/div><\/div><\/div><\/div><\/div><\/section><section id=\"bt_section69d7143bd3dd0\"  class=\"boldSection gutter\" ><div class=\"port\"><div class=\"boldCell\"><div class=\"boldCellInner\"><div class=\"boldRow  \" ><div class=\"boldRowInner\"><div class=\"rowItem col-md-12 col-ms-12  btTextCenter inherit\"  ><div class=\"rowItemContent\" ><header class=\"header btClear large  btAccentDash\" ><div class=\"dash\"><h2><span class=\"headline\">\u00bfTodav\u00eda tienes preguntas?<\/span><\/h2><\/div><\/header><div class=\"btClear btSeparator topExtraSmallSpaced bottomExtraSmallSpaced noBorder\" ><hr><\/div><\/div><\/div><\/div><\/div><div class=\"boldRow  \" ><div class=\"boldRowInner\"><div class=\"rowItem col-md-12 col-ms-12  btTextLeft\"  ><div class=\"rowItemContent\" ><div class=\"btTabs tabsVertical \" \" data-open-first=\"\"><ul class=\"tabsHeader\"><li><span>El seguro cubre la sobredentadura?<\/span><\/li><li><span>\u00bfCu\u00e1l es el proceso?<\/span><\/li><li><span>\u00bfEs necesario reemplazar la sobredentadura?<\/span><\/li><\/ul><div class=\"tabPanes accordionPanes\"><div class=\"tabPane\">\r\n\t\t\t<div class=\"tabAccordionTitle\"><span>El seguro cubre la sobredentadura?<\/span><\/div>\r\n\t\t\t<div class=\"tabAccordionContent\"><div class=\"elementor-accordion-item\">\n<div id=\"elementor-tab-content-8501\" class=\"elementor-tab-content elementor-clearfix elementor-active\" role=\"tabpanel\" data-tab=\"1\" aria-labelledby=\"elementor-tab-title-8501\">\n<p>SI, muchas veces el seguro cubre las sobredentaduras y The Smile Mission acepta m\u00e1s<br \/>\nde 70 seguros.<\/p>\n<\/div>\n<\/div>\n<\/div>\r\n\t\t<\/div><div class=\"tabPane\">\r\n\t\t\t<div class=\"tabAccordionTitle\"><span>\u00bfCu\u00e1l es el proceso?<\/span><\/div>\r\n\t\t\t<div class=\"tabAccordionContent\"><div class=\"elementor-accordion-item\">\n<div id=\"elementor-tab-content-2502\" class=\"elementor-tab-content elementor-clearfix elementor-active\" role=\"tabpanel\" data-tab=\"2\" aria-labelledby=\"elementor-tab-title-2502\">\n<div class=\"elementor-accordion-item\">\n<div id=\"elementor-tab-content-8502\" class=\"elementor-tab-content elementor-clearfix elementor-active\" role=\"tabpanel\" data-tab=\"2\" aria-labelledby=\"elementor-tab-title-8502\">\n<p>Despu\u00e9s de una consulta y una revisi\u00f3n de tus rayos X\u2013 En las misma cita o una cita en<br \/>\nel futuro\u2013 El dentista va a colocar los implantes para las dentaduras. Por los siguientes 3<br \/>\nmeses los implantes se van a sanar y mientras tanto usarias una dentadura tradicional.<br \/>\nDespu\u00e9s de tres meses de sanaci\u00f3n, el dentista conectar\u00eda el implante con las<br \/>\ndentaduras.<\/p>\n<\/div>\n<\/div>\n<\/div>\n<\/div>\n<\/div>\r\n\t\t<\/div><div class=\"tabPane\">\r\n\t\t\t<div class=\"tabAccordionTitle\"><span>\u00bfEs necesario reemplazar la sobredentadura?<\/span><\/div>\r\n\t\t\t<div class=\"tabAccordionContent\"><section class=\"elementor-section elementor-top-section elementor-element elementor-element-74b7f44 elementor-section-boxed elementor-section-height-default elementor-section-height-default\" data-id=\"74b7f44\" data-element_type=\"section\">\n<div class=\"elementor-container elementor-column-gap-default\">\n<div class=\"elementor-row\">\n<div class=\"elementor-column elementor-col-100 elementor-top-column elementor-element elementor-element-4403e6d\" data-id=\"4403e6d\" data-element_type=\"column\">\n<div class=\"elementor-column-wrap elementor-element-populated\">\n<div class=\"elementor-widget-wrap\">\n<div class=\"elementor-element elementor-element-511cd8a elementor-widget elementor-widget-accordion\" data-id=\"511cd8a\" data-element_type=\"widget\" data-widget_type=\"accordion.default\">\n<div class=\"elementor-widget-container\">\n<div class=\"elementor-accordion\" role=\"tablist\">\n<div class=\"elementor-accordion-item\">\n<div id=\"elementor-tab-content-8503\" class=\"elementor-tab-content elementor-clearfix elementor-active\" role=\"tabpanel\" data-tab=\"3\" aria-labelledby=\"elementor-tab-title-8503\">\n<p>Despu\u00e9s de 10-20 a\u00f1os puede ser necesario que vayas a reemplazar tu sobredentadura.<br \/>\nCambiar una sobredentadura es mucho menos com\u00fan que cambiar una dentadura<br \/>\ntradicional. Tambi\u00e9n tienes que tener en cuenta que no reemplazar\u00edan los implantes asi<br \/>\nque el costo de la dentadura ser\u00eda mucho m\u00e1s barato.<\/p>\n<\/div>\n<\/div>\n<\/div>\n<\/div>\n<\/div>\n<\/div>\n<\/div>\n<\/div>\n<\/div>\n<\/div>\n<\/section>\n<\/div>\r\n\t\t<\/div><\/div><\/div><\/div><\/div><\/div><\/div><div class=\"boldRow  \" ><div class=\"boldRowInner\"><div class=\"rowItem col-md-12 col-ms-12  btTextLeft\"  ><div class=\"rowItemContent\" ><div class=\"btClear btSeparator topSmallSpaced bottomSmallSpaced noBorder\" ><hr><\/div><\/div><\/div><\/div><\/div><\/div><\/div><\/div><\/section><section id=\"bt_section69d7143bd43f3\"  class=\"boldSection gutter\" ><div class=\"port\"><div class=\"boldCell\"><div class=\"boldCellInner\"><div class=\"boldRow  \" ><div class=\"boldRowInner\"><div class=\"rowItem col-md-12 col-ms-12  btTextCenter inherit\"  ><div class=\"rowItemContent\" ><header class=\"header btClear large  btNormalDash\" ><div class=\"dash\"><h2><span class=\"headline\">Servicios populares<\/span><\/h2><\/div><\/header><div class=\"btClear btSeparator topSmallSpaced bottomSmallSpaced noBorder\" ><hr><\/div><\/div><\/div><\/div><\/div><div class=\"boldRow  \" ><div class=\"boldRowInner\"><div class=\"rowItem col-md-4 col-ms-12 btTextCenter inherit\"  ><div class=\"rowItemContent\" ><div class=\"bpgPhoto btTextCenter btSimpleHoverType\" > \r\n\t\t\t\t\t<a href=\"https:\/\/nicesmiledentallab.com\/es\/invislaign\" target=\"_self\" title=\"\"><\/a>\r\n\t\t\t\t\t<div class=\"boldPhotoBox\"><div class=\"bpbItem\"><div class = \"btImage\"><img decoding=\"async\" src=\"https:\/\/thesmilemission.com\/es\/wp-content\/uploads\/2021\/08\/clear-aligners.jpg\" alt=\"\" title=\"\" ><\/div><\/div><\/div>\r\n\t\t\t\t\t<div class=\"captionPane\">\r\n\t\t\t\t\t\t<div class=\"captionTable\">\r\n\t\t\t\t\t\t\t<div class=\"captionCell\">\r\n\t\t\t\t\t\t\t\t<div class=\"captionTxt\"><\/div>\r\n\t\t\t\t\t\t\t<\/div>\r\n\t\t\t\t\t\t<\/div>\r\n\t\t\t\t\t<\/div><\/div><div class=\"btClear btSeparator topSmallSpaced bottomSmallSpaced noBorder\" ><hr><\/div><header class=\"header btClear medium  btNormalDash\" ><div class=\"dash\"><h3><span class=\"headline\">Alineadores\/ Invisalign<\/span><\/h3><\/div><div class=\"btSubTitle\">$95\/mes\r<br>\r<br><\/div><\/header><\/div><\/div><div class=\"rowItem col-md-4 col-ms-12 btTextCenter inherit\"  ><div class=\"rowItemContent\" ><div class=\"bpgPhoto btTextCenter btSimpleHoverType\" > \r\n\t\t\t\t\t<a href=\"https:\/\/nicesmiledentallab.com\/es\/whitening\" target=\"_self\" title=\"\"><\/a>\r\n\t\t\t\t\t<div class=\"boldPhotoBox\"><div class=\"bpbItem\"><div class = \"btImage\"><img decoding=\"async\" src=\"https:\/\/thesmilemission.com\/es\/wp-content\/uploads\/2021\/08\/whitening-1-1-1.jpg\" alt=\"\" title=\"\" ><\/div><\/div><\/div>\r\n\t\t\t\t\t<div class=\"captionPane\">\r\n\t\t\t\t\t\t<div class=\"captionTable\">\r\n\t\t\t\t\t\t\t<div class=\"captionCell\">\r\n\t\t\t\t\t\t\t\t<div class=\"captionTxt\"><\/div>\r\n\t\t\t\t\t\t\t<\/div>\r\n\t\t\t\t\t\t<\/div>\r\n\t\t\t\t\t<\/div><\/div><div class=\"btClear btSeparator topSmallSpaced bottomSmallSpaced noBorder\" ><hr><\/div><header class=\"header btClear medium  btNormalDash\" ><div class=\"dash\"><h3><span class=\"headline\">Blanqueamiento<\/span><\/h3><\/div><div class=\"btSubTitle\">$50 set de blanqueamiento personalizado\r<br>\r<br><\/div><\/header><\/div><\/div><div class=\"rowItem col-md-4 col-ms-12 btTextCenter inherit\"  ><div class=\"rowItemContent\" ><div class=\"bpgPhoto btTextCenter btSimpleHoverType\" > \r\n\t\t\t\t\t<a href=\"https:\/\/nicesmiledentallab.com\/es\/implants\/\" target=\"_self\" title=\"\"><\/a>\r\n\t\t\t\t\t<div class=\"boldPhotoBox\"><div class=\"bpbItem\"><div class = \"btImage\"><img decoding=\"async\" src=\"https:\/\/thesmilemission.com\/es\/wp-content\/uploads\/2021\/08\/IMPLANTS.jpg\" alt=\"\" title=\"\" ><\/div><\/div><\/div>\r\n\t\t\t\t\t<div class=\"captionPane\">\r\n\t\t\t\t\t\t<div class=\"captionTable\">\r\n\t\t\t\t\t\t\t<div class=\"captionCell\">\r\n\t\t\t\t\t\t\t\t<div class=\"captionTxt\"><\/div>\r\n\t\t\t\t\t\t\t<\/div>\r\n\t\t\t\t\t\t<\/div>\r\n\t\t\t\t\t<\/div><\/div><div class=\"btClear btSeparator topSmallSpaced bottomSmallSpaced noBorder\" ><hr><\/div><header class=\"header btClear medium  btNormalDash\" ><div class=\"dash\"><h3><span class=\"headline\">Implantes<\/span><\/h3><\/div><div class=\"btSubTitle\">$49\/Mes<\/div><\/header><\/div><\/div><\/div><\/div><div class=\"boldRow  \" ><div class=\"boldRowInner\"><div class=\"rowItem col-md-12 col-ms-12  btTextLeft\"  ><div class=\"rowItemContent\" ><div class=\"btClear btSeparator topSmallSpaced bottomSmallSpaced noBorder\" ><hr><\/div><\/div><\/div><\/div><\/div><\/div><\/div><\/div><\/section><\/div>","protected":false},"excerpt":{"rendered":"<p>Si un paciente no tiene los dientes de abajo, entonces van a conseguir una dentadura completa para reemplazar sus dientes.<\/p>\n","protected":false},"author":3,"featured_media":0,"parent":0,"menu_order":0,"comment_status":"closed","ping_status":"closed","template":"","meta":{"om_disable_all_campaigns":false,"footnotes":""},"class_list":["post-569","page","type-page","status-publish","hentry"],"_links":{"self":[{"href":"https:\/\/thesmilemission.com\/es\/wp-json\/wp\/v2\/pages\/569"}],"collection":[{"href":"https:\/\/thesmilemission.com\/es\/wp-json\/wp\/v2\/pages"}],"about":[{"href":"https:\/\/thesmilemission.com\/es\/wp-json\/wp\/v2\/types\/page"}],"author":[{"embeddable":true,"href":"https:\/\/thesmilemission.com\/es\/wp-json\/wp\/v2\/users\/3"}],"replies":[{"embeddable":true,"href":"https:\/\/thesmilemission.com\/es\/wp-json\/wp\/v2\/comments?post=569"}],"version-history":[{"count":7,"href":"https:\/\/thesmilemission.com\/es\/wp-json\/wp\/v2\/pages\/569\/revisions"}],"predecessor-version":[{"id":1477,"href":"https:\/\/thesmilemission.com\/es\/wp-json\/wp\/v2\/pages\/569\/revisions\/1477"}],"wp:attachment":[{"href":"https:\/\/thesmilemission.com\/es\/wp-json\/wp\/v2\/media?parent=569"}],"curies":[{"name":"wp","href":"https:\/\/api.w.org\/{rel}","templated":true}]}}