{"id":779,"date":"2021-08-17T19:43:43","date_gmt":"2021-08-17T19:43:43","guid":{"rendered":"https:\/\/nicesmiledentallab.com\/es\/?page_id=779"},"modified":"2023-11-29T08:42:02","modified_gmt":"2023-11-29T08:42:02","slug":"prices","status":"publish","type":"page","link":"https:\/\/thesmilemission.com\/es\/prices\/","title":{"rendered":"Prices"},"content":{"rendered":"<section id=\"bt_section69d672aaa3f47\"  class=\"boldSection topSemiSpaced btDarkSkin gutter inherit wBackground cover btAccentColorBackground\" style=\"background-image:url('https:\/\/thesmilemission.com\/es\/wp-content\/uploads\/2015\/12\/bllurred-background.jpg');\"><div class=\"port\"><div class=\"boldCell\"><div class=\"boldCellInner\"><div class=\"boldRow  \" ><div class=\"boldRowInner\"><div class=\"rowItem col-md-9 col-ms-12  btTextLeft animate animate-fadein animate-moveleft inherit\"  ><div class=\"rowItemContent\" ><div class=\"btClear btSeparator topExtraSpaced bottomSmallSpaced noBorder\" ><hr><\/div><header class=\"header btClear extralarge btDash topDash  btNormalDash\" ><div class=\"btSuperTitle\">Membres\u00eda de Smile Mission &#8211; \u00a1Precios m\u00e1s bajos garantizados!<\/div><div class=\"dash\"><h1><span class=\"headline\">Los costos en The Smile Mission son un 70% menos<\/span><\/h1><\/div><div class=\"btSubTitle\">En The Smile Mission hemos creado una odontolog\u00eda asequible. Nos enorgullecemos de ofrecer odontolog\u00eda de alta calidad y al mismo tiempo ofrecer trabajos dentales de bajo costo. Nuestros precios promedian 3-4 veces m\u00e1s bajos que los del dentista promedio. Obviamente depende del procedimiento pero ese es un promedio general.<\/div><\/header><div class=\"btClear btSeparator topSpaced noBorder\" ><hr><\/div><\/div><\/div><div class=\"rowItem col-md-3 col-sm-6 col-ms-12 btTextLeft\"  ><div class=\"rowItemContent\" ><\/div><\/div><\/div><\/div><\/div><\/div><\/div><\/section><section id=\"bt_section69d672aaa40fc\"  class=\"boldSection topSemiSpaced bottomSpaced gutter inherit\" ><div class=\"port\"><div class=\"boldCell\"><div class=\"boldCellInner\"><div class=\"boldRow  \" ><div class=\"boldRowInner\"><div class=\"rowItem col-md-12 col-ms-12  btTextLeft\"  ><div class=\"rowItemContent\" ><div class=\"btClear btSeparator bottomSmallSpaced noBorder\" ><hr><\/div><header class=\"header btClear medium  btAccentDash\" ><div class=\"dash\"><h3><span class=\"headline\">Membres\u00eda de la Misi\u00f3n Sonrisa:<\/span><\/h3><\/div><div class=\"btSubTitle\">Debido a las reglas y regulaciones para obtener nuestros precios extremadamente bajos, debe convertirse en miembro de Smile Mission (solo $ 30).<\/div><\/header><div class=\"btClear btSeparator bottomSmallSpaced noBorder\" ><hr><\/div><header class=\"header btClear medium  btAccentDash\" ><div class=\"dash\"><h3><span class=\"headline\">Financiaci\u00f3n:\r<br><\/span><\/h3><\/div><div class=\"btSubTitle\">Ofrecemos financiamiento sin intereses y sin cr\u00e9dito\/interno. \u00a1Nos enorgullecemos de ofrecer algunos de los mejores financiamientos de cualquier consultorio dental en el pa\u00eds!<\/div><\/header><a href=\"https:\/\/thesmilemission.com\/es\/financing\" class=\"btBtn btBtn btnFilledStyle btnAccentColor btnMedium btnNormalWidth btnRightPosition btnNoIcon\" ><span class=\"btnInnerText\">Aprende m\u00e1s<\/span><\/a><div class=\"btClear btSeparator bottomSmallSpaced noBorder\" ><hr><\/div><\/div><\/div><\/div><\/div><div class=\"boldRow  \" ><div class=\"boldRowInner\"><div class=\"rowItem col-md-12 col-ms-12  btTextCenter animate animate-fadein animate-moveright inherit\"  ><div class=\"rowItemContent\" ><div class=\"boldClientList \"><div class=\"bclPort\"><div class=\"bclItem\"><div class = \"bclItemChild\"><img src = \"https:\/\/thesmilemission.com\/es\/wp-content\/themes\/medicare\/gfx\/aspect-square.png\" alt=\"Aspect image\"><div style=\"background-image:url(https:\/\/thesmilemission.com\/es\/wp-content\/uploads\/2023\/11\/image018-320x207-2.jpg);\"><\/div><\/div><\/div><div class=\"bclItem\"><div class = \"bclItemChild\"><img src = \"https:\/\/thesmilemission.com\/es\/wp-content\/themes\/medicare\/gfx\/aspect-square.png\" alt=\"Aspect image\"><div style=\"background-image:url(https:\/\/thesmilemission.com\/es\/wp-content\/uploads\/2023\/11\/image022-320x183-2.jpg);\"><\/div><\/div><\/div><div class=\"bclItem\"><div class = \"bclItemChild\"><img src = \"https:\/\/thesmilemission.com\/es\/wp-content\/themes\/medicare\/gfx\/aspect-square.png\" alt=\"Aspect image\"><div style=\"background-image:url(https:\/\/thesmilemission.com\/es\/wp-content\/uploads\/2023\/11\/image020-320x94-2.jpg);\"><\/div><\/div><\/div><div class=\"bclItem\"><div class = \"bclItemChild\"><img src = \"https:\/\/thesmilemission.com\/es\/wp-content\/themes\/medicare\/gfx\/aspect-square.png\" alt=\"Aspect image\"><div style=\"background-image:url(https:\/\/thesmilemission.com\/es\/wp-content\/uploads\/2023\/11\/WhatsApp-Image-2023-05-12-at-6.02.06-PM-1.jpeg);\"><\/div><\/div><\/div><div class=\"bclItem\"><div class = \"bclItemChild\"><img src = \"https:\/\/thesmilemission.com\/es\/wp-content\/themes\/medicare\/gfx\/aspect-square.png\" alt=\"Aspect image\"><div style=\"background-image:url(https:\/\/thesmilemission.com\/es\/wp-content\/uploads\/2023\/11\/Capture421-320x41-2.png);\"><\/div><\/div><\/div><div class=\"bclItem\"><div class = \"bclItemChild\"><img src = \"https:\/\/thesmilemission.com\/es\/wp-content\/themes\/medicare\/gfx\/aspect-square.png\" alt=\"Aspect image\"><div style=\"background-image:url(https:\/\/thesmilemission.com\/es\/wp-content\/uploads\/2023\/11\/Capture2-320x431-1-1.png);\"><\/div><\/div><\/div><div class=\"bclItem\"><div class = \"bclItemChild\"><img src = \"https:\/\/thesmilemission.com\/es\/wp-content\/themes\/medicare\/gfx\/aspect-square.png\" alt=\"Aspect image\"><div style=\"background-image:url(https:\/\/thesmilemission.com\/es\/wp-content\/uploads\/2023\/11\/Capture3-1.png);\"><\/div><\/div><\/div><div class=\"bclItem\"><div class = \"bclItemChild\"><img src = \"https:\/\/thesmilemission.com\/es\/wp-content\/themes\/medicare\/gfx\/aspect-square.png\" alt=\"Aspect image\"><div style=\"background-image:url(https:\/\/thesmilemission.com\/es\/wp-content\/uploads\/2023\/11\/1-1.png);\"><\/div><\/div><\/div><\/div><\/div><div class=\"btClear btSeparator topSmallSpaced bottomSmallSpaced noBorder\" ><hr><\/div><a href=\"https:\/\/thesmilemission.com\/es\/about-us\/financing\/\" class=\"btBtn btBtn btnFilledStyle btnAccentColor btnMedium btnNormalWidth btnRightPosition btnNoIcon\" ><span class=\"btnInnerText\">Learn more about The Smile Mission Financing Here<\/span><\/a><div class=\"btClear btSeparator bottomSemiSpaced noBorder\" ><hr><\/div><\/div><\/div><\/div><\/div><\/div><\/div><\/div><\/section><section id=\"bt_section69d672aaa5516\"  class=\"boldSection bottomSpaced btDarkSkin gutter inherit\" style=\"background-color:#f1f1f1;\"><div class=\"port\"><div class=\"boldCell\"><div class=\"boldCellInner\"><div class=\"boldRow  \" ><div class=\"boldRowInner\"><div class=\"rowItem col-md-12 col-ms-12  btTextLeft\"  ><div class=\"rowItemContent\" ><div class=\"btClear btSeparator topSmallSpaced bottomSmallSpaced noBorder\" ><hr><\/div><\/div><\/div><\/div><\/div><div class=\"boldRow price-color \" ><div class=\"boldRowInner\"><div class=\"rowItem col-md-12 col-ms-12  btTextCenter inherit\"  ><div class=\"rowItemContent\" ><header class=\"header btClear medium  btNormalDash\" ><div class=\"dash\"><h3><span class=\"headline\">Overall Prices<\/span><\/h3><\/div><\/header><div class=\"bpgPhoto btTextCenter\" ><div class=\"btImage\"><img decoding=\"async\" src=\"https:\/\/thesmilemission.com\/es\/wp-content\/uploads\/2023\/02\/Compared-prices-TSM-vs-Averange-clinic-new-2023-web-ESP-1-pdf.jpg\" alt=\"\" title=\"\"><\/div><\/div><\/div><\/div><\/div><\/div><div class=\"boldRow  \" ><div class=\"boldRowInner\"><div class=\"rowItem col-md-12 col-ms-12  btTextLeft\"  ><div class=\"rowItemContent\" ><div class=\"btClear btSeparator topSmallSpaced bottomSemiSpaced noBorder\" ><hr><\/div><\/div><\/div><\/div><\/div><div class=\"boldRow  \" ><div class=\"boldRowInner\"><div class=\"rowItem col-md-12 col-ms-12  btTextCenter inherit\"  ><div class=\"rowItemContent\" ><div class=\"tilesWall btGridGallery tiled ligyt btGridGap-20 lightbox\" data-col=\"3\"><div class=\"gridSizer\"><\/div><div class=\"gridItem bt11 ligyt\" data-order-num=\"0\"><div class=\"btTileBox\"><div class=\"bpgPhoto \" > \r\n\t\t\t\t\t<a href=\"https:\/\/thesmilemission.com\/es\/wp-content\/uploads\/2023\/11\/veneers-flier-ES-2023-1-pdf.jpg\" class=\"lightbox\" data-title=\"\"><\/a>\r\n\t\t\t\t\t<div class=\"boldPhotoBox\"><div class=\"bpbItem\"><div class = \"btImage\"><img decoding=\"async\" src=\"https:\/\/thesmilemission.com\/es\/wp-content\/uploads\/2023\/11\/veneers-flier-ES-2023-1-pdf.jpg\" alt=\"\" title=\"\" ><\/div><\/div><\/div>\r\n\t\t\t\t\t<div class=\"captionPane\">\r\n\t\t\t\t\t\t<div class=\"captionTable\">\r\n\t\t\t\t\t\t\t<div class=\"captionCell\">\r\n\t\t\t\t\t\t\t\t<div class=\"captionTxt\"><\/div>\r\n\t\t\t\t\t\t\t<\/div>\r\n\t\t\t\t\t\t<\/div>\r\n\t\t\t\t\t<\/div><\/div><\/div><\/div><div class=\"gridItem bt11 ligyt\" data-order-num=\"1\"><div class=\"btTileBox\"><div class=\"bpgPhoto \" > \r\n\t\t\t\t\t<a href=\"https:\/\/thesmilemission.com\/es\/wp-content\/uploads\/2023\/11\/Overdenture-flier-ES-2023-pdf.jpg\" class=\"lightbox\" data-title=\"\"><\/a>\r\n\t\t\t\t\t<div class=\"boldPhotoBox\"><div class=\"bpbItem\"><div class = \"btImage\"><img decoding=\"async\" src=\"https:\/\/thesmilemission.com\/es\/wp-content\/uploads\/2023\/11\/Overdenture-flier-ES-2023-pdf.jpg\" alt=\"\" title=\"\" ><\/div><\/div><\/div>\r\n\t\t\t\t\t<div class=\"captionPane\">\r\n\t\t\t\t\t\t<div class=\"captionTable\">\r\n\t\t\t\t\t\t\t<div class=\"captionCell\">\r\n\t\t\t\t\t\t\t\t<div class=\"captionTxt\"><\/div>\r\n\t\t\t\t\t\t\t<\/div>\r\n\t\t\t\t\t\t<\/div>\r\n\t\t\t\t\t<\/div><\/div><\/div><\/div><div class=\"gridItem bt11 ligyt\" data-order-num=\"2\"><div class=\"btTileBox\"><div class=\"bpgPhoto \" > \r\n\t\t\t\t\t<a href=\"https:\/\/thesmilemission.com\/es\/wp-content\/uploads\/2023\/11\/braces-Clear-Aligners-ES-update-March-2023-pdf.jpg\" class=\"lightbox\" data-title=\"\"><\/a>\r\n\t\t\t\t\t<div class=\"boldPhotoBox\"><div class=\"bpbItem\"><div class = \"btImage\"><img decoding=\"async\" src=\"https:\/\/thesmilemission.com\/es\/wp-content\/uploads\/2023\/11\/braces-Clear-Aligners-ES-update-March-2023-pdf.jpg\" alt=\"\" title=\"\" ><\/div><\/div><\/div>\r\n\t\t\t\t\t<div class=\"captionPane\">\r\n\t\t\t\t\t\t<div class=\"captionTable\">\r\n\t\t\t\t\t\t\t<div class=\"captionCell\">\r\n\t\t\t\t\t\t\t\t<div class=\"captionTxt\"><\/div>\r\n\t\t\t\t\t\t\t<\/div>\r\n\t\t\t\t\t\t<\/div>\r\n\t\t\t\t\t<\/div><\/div><\/div><\/div><\/div><div class=\"btClear btSeparator topSmallSpaced noBorder\" ><hr><\/div><\/div><\/div><\/div><\/div><\/div><\/div><\/div><\/section>","protected":false},"excerpt":{"rendered":"<p>Nuestra misi\u00f3n es ser la pr\u00e1ctica dental m\u00e1s asequible del sur de Florida. Mejoraremos el precio de cualquier competidor en un 10%!\t\t\t<\/p>\n","protected":false},"author":3,"featured_media":0,"parent":0,"menu_order":0,"comment_status":"closed","ping_status":"closed","template":"","meta":{"om_disable_all_campaigns":false,"footnotes":""},"class_list":["post-779","page","type-page","status-publish","hentry"],"_links":{"self":[{"href":"https:\/\/thesmilemission.com\/es\/wp-json\/wp\/v2\/pages\/779"}],"collection":[{"href":"https:\/\/thesmilemission.com\/es\/wp-json\/wp\/v2\/pages"}],"about":[{"href":"https:\/\/thesmilemission.com\/es\/wp-json\/wp\/v2\/types\/page"}],"author":[{"embeddable":true,"href":"https:\/\/thesmilemission.com\/es\/wp-json\/wp\/v2\/users\/3"}],"replies":[{"embeddable":true,"href":"https:\/\/thesmilemission.com\/es\/wp-json\/wp\/v2\/comments?post=779"}],"version-history":[{"count":43,"href":"https:\/\/thesmilemission.com\/es\/wp-json\/wp\/v2\/pages\/779\/revisions"}],"predecessor-version":[{"id":2109,"href":"https:\/\/thesmilemission.com\/es\/wp-json\/wp\/v2\/pages\/779\/revisions\/2109"}],"wp:attachment":[{"href":"https:\/\/thesmilemission.com\/es\/wp-json\/wp\/v2\/media?parent=779"}],"curies":[{"name":"wp","href":"https:\/\/api.w.org\/{rel}","templated":true}]}}