{"id":858,"date":"2021-08-18T11:58:12","date_gmt":"2021-08-18T11:58:12","guid":{"rendered":"https:\/\/nicesmiledentallab.com\/es\/?page_id=858"},"modified":"2022-05-04T04:17:42","modified_gmt":"2022-05-04T04:17:42","slug":"our-story","status":"publish","type":"page","link":"https:\/\/thesmilemission.com\/es\/our-story\/","title":{"rendered":"Our Story"},"content":{"rendered":"<div class=\"bt_bb_wrapper\"><section id=\"bt_section69d675ed4d1ec\"  class=\"boldSection topSemiSpaced btDarkSkin gutter inherit wBackground cover btAccentColorBackground\" style=\"background-image:url('https:\/\/thesmilemission.com\/es\/wp-content\/uploads\/2015\/12\/bllurred-background.jpg');\"><div class=\"port\"><div class=\"boldCell\"><div class=\"boldCellInner\"><div class=\"boldRow  \" ><div class=\"boldRowInner\"><div class=\"rowItem col-md-12 col-ms-12  btTextLeft animate animate-fadein animate-moveleft inherit\"  ><div class=\"rowItemContent\" ><div class=\"btClear btSeparator topExtraSpaced bottomSmallSpaced noBorder\" ><hr><\/div><header class=\"header btClear extralarge btDash topDash  btNormalDash\" ><div class=\"btSuperTitle\">INFORMACI\u00d3N GENERAL<\/div><div class=\"dash\"><h1><span class=\"headline\">NUESTRA HISTORIA<\/span><\/h1><\/div><div class=\"btSubTitle\">Despu\u00e9s de trabajar en el extranjero y ser voluntario en m\u00e1s de 30 pa\u00edses, el Dr. Pfundheller regres\u00f3 a Estados Unidos para ayudar a solucionar la crisis de salud bucal.<\/div><\/header><div class=\"btClear btSeparator topExtraSmallSpaced bottomSmallSpaced noBorder\" ><hr><\/div><\/div><\/div><\/div><\/div><\/div><\/div><\/div><\/section><section id=\"bt_section69d675ed4d43b\"  class=\"boldSection gutter\" ><div class=\"port\"><div class=\"boldCell\"><div class=\"boldCellInner\"><div class=\"boldRow  \" ><div class=\"boldRowInner\"><div class=\"rowItem col-md-6 col-sm-12 btTextLeft\"  ><div class=\"rowItemContent\" ><div class=\"btClear btSeparator topSpaced noBorder\" ><hr><\/div><div class=\"bpgPhoto btTextCenter\" ><div class=\"btImage\"><img decoding=\"async\" src=\"https:\/\/thesmilemission.com\/es\/wp-content\/uploads\/2021\/08\/Doc1-1-1536x1136-1.jpg\" alt=\"\" title=\"\"><\/div><\/div><div class=\"btClear btSeparator topSpaced noBorder\" ><hr><\/div><\/div><\/div><div class=\"rowItem col-md-6 col-sm-12 btTextLeft\"  ><div class=\"rowItemContent\" ><div class=\"btClear btSeparator topSpaced noBorder\" ><hr><\/div><div class=\"btClear btSeparator topSpaced noBorder\" ><hr><\/div><div class=\"btText\" ><h4>Los estudios estiman que el 26%<br \/>\nde los estadounidenses sufren de caries dentales no tratadas. Estados Unidos es uno de los pa\u00edses m\u00e1s ricos del mundo; sin embargo, un gran porcentaje de la poblaci\u00f3n no puede pagar la atenci\u00f3n b\u00e1sica de la salud bucal.<br \/>\nDemasiados estadounidenses han hipotecado su casa o arruinado su puntaje crediticio debido a que necesitan un costoso trabajo dental.<\/h4>\n<\/div><div class=\"btClear btSeparator topSpaced noBorder\" ><hr><\/div><\/div><\/div><\/div><\/div><\/div><\/div><\/div><\/section><section id=\"bt_section69d675ed4dd36\"  class=\"boldSection gutter\" ><div class=\"port\"><div class=\"boldCell\"><div class=\"boldCellInner\"><div class=\"boldRow  \" ><div class=\"boldRowInner\"><div class=\"rowItem col-md-6 col-sm-12 btTextLeft\"  ><div class=\"rowItemContent\" ><div class=\"btClear btSeparator topSpaced noBorder\" ><hr><\/div><div class=\"btClear btSeparator topSpaced noBorder\" ><hr><\/div><div class=\"btText\" ><h3 class=\"elementor-image-box-title\">\u00bfPor qu\u00e9 los precios de los servicios dentales estadounidenses son mucho m\u00e1s altos que los de cualquier otro pa\u00eds del mundo?<\/h3>\n<h4>El Dr. Pfundheller demostr\u00f3 que si se realizaban algunos peque\u00f1os cambios en la cl\u00ednica dental, los pacientes podr\u00edan recibir una atenci\u00f3n de mejor calidad a un precio mucho m\u00e1s bajo. La gente en el campo de la odontolog\u00eda se neg\u00f3 a creer en la idea. Las empresas de construcci\u00f3n dental se negaron a construir The Smile Mission. Todos los bancos negaron pr\u00e9stamos a una cl\u00ednica dental asequible. Finalmente, despu\u00e9s de dos a\u00f1os y miles de d\u00f3lares perdidos, un peque\u00f1o banco, Live Oak Bank, aprob\u00f3 el pr\u00e9stamo para The Smile Mission.<\/h4>\n<\/div><div class=\"btClear btSeparator topSpaced noBorder\" ><hr><\/div><\/div><\/div><div class=\"rowItem col-md-6 col-sm-12 btTextLeft\"  ><div class=\"rowItemContent\" ><div class=\"btClear btSeparator topSpaced noBorder\" ><hr><\/div><div class=\"bpgPhoto btTextCenter\" ><div class=\"btImage\"><img decoding=\"async\" src=\"https:\/\/thesmilemission.com\/es\/wp-content\/uploads\/2021\/08\/pfundheller-1.jpg\" alt=\"\" title=\"\"><\/div><\/div><div class=\"btClear btSeparator topSpaced noBorder\" ><hr><\/div><\/div><\/div><\/div><\/div><\/div><\/div><\/div><\/section><section id=\"bt_section69d675ed4e287\"  class=\"boldSection gutter\" ><div class=\"port\"><div class=\"boldCell\"><div class=\"boldCellInner\"><div class=\"boldRow  \" ><div class=\"boldRowInner\"><div class=\"rowItem col-md-6 col-sm-12 btTextLeft\"  ><div class=\"rowItemContent\" ><div class=\"btClear btSeparator topSpaced noBorder\" ><hr><\/div><div class=\"bpgPhoto btTextCenter\" ><div class=\"btImage\"><img decoding=\"async\" src=\"https:\/\/thesmilemission.com\/es\/wp-content\/uploads\/2021\/08\/f3-1.jpg\" alt=\"\" title=\"\"><\/div><\/div><div class=\"btClear btSeparator topSpaced noBorder\" ><hr><\/div><\/div><\/div><div class=\"rowItem col-md-6 col-sm-12 btTextLeft\"  ><div class=\"rowItemContent\" ><div class=\"btClear btSeparator topSpaced noBorder\" ><hr><\/div><div class=\"btClear btSeparator topSpaced noBorder\" ><hr><\/div><div class=\"btText\" ><h4 class=\"elementor-image-box-title\">Despu\u00e9s de trabajar en el extranjero y ser voluntario en m\u00e1s de 30 pa\u00edses, el Dr. Pfundheller regres\u00f3 a Estados Unidos para ayudar a solucionar la crisis de salud bucal.<\/h4>\n<h3>SU VISI\u00d3N: HACER QUE EL CUIDADO DENTAL ES ASEQUIBLE PARA TODOS<\/h3>\n<h4>El Dr. Pfundheller demostr\u00f3 que si se realizaban algunos peque\u00f1os cambios en la cl\u00ednica dental, los pacientes podr\u00edan recibir una atenci\u00f3n de mejor calidad a un precio mucho m\u00e1s bajo. La gente en el campo de la odontolog\u00eda se neg\u00f3 a creer en la idea. Las empresas de construcci\u00f3n dental se negaron a construir The Smile Mission. Todos los bancos negaron pr\u00e9stamos a una cl\u00ednica dental asequible. Finalmente, despu\u00e9s de dos a\u00f1os y miles de d\u00f3lares perdidos, un peque\u00f1o banco, Live Oak Bank, aprob\u00f3 el pr\u00e9stamo para The Smile Mission.<\/h4>\n<\/div><div class=\"btClear btSeparator topSpaced noBorder\" ><hr><\/div><\/div><\/div><\/div><\/div><\/div><\/div><\/div><\/section><\/div>","protected":false},"excerpt":{"rendered":"<p>Despu\u00e9s de trabajar en el extranjero y ser voluntario en m\u00e1s de 30 pa\u00edses, el Dr. Pfundheller regres\u00f3 a Estados Unidos para ayudar a solucionar la&#8230;&#8230;<\/p>\n","protected":false},"author":3,"featured_media":0,"parent":0,"menu_order":0,"comment_status":"closed","ping_status":"closed","template":"","meta":{"om_disable_all_campaigns":false,"footnotes":""},"class_list":["post-858","page","type-page","status-publish","hentry"],"_links":{"self":[{"href":"https:\/\/thesmilemission.com\/es\/wp-json\/wp\/v2\/pages\/858"}],"collection":[{"href":"https:\/\/thesmilemission.com\/es\/wp-json\/wp\/v2\/pages"}],"about":[{"href":"https:\/\/thesmilemission.com\/es\/wp-json\/wp\/v2\/types\/page"}],"author":[{"embeddable":true,"href":"https:\/\/thesmilemission.com\/es\/wp-json\/wp\/v2\/users\/3"}],"replies":[{"embeddable":true,"href":"https:\/\/thesmilemission.com\/es\/wp-json\/wp\/v2\/comments?post=858"}],"version-history":[{"count":9,"href":"https:\/\/thesmilemission.com\/es\/wp-json\/wp\/v2\/pages\/858\/revisions"}],"predecessor-version":[{"id":1257,"href":"https:\/\/thesmilemission.com\/es\/wp-json\/wp\/v2\/pages\/858\/revisions\/1257"}],"wp:attachment":[{"href":"https:\/\/thesmilemission.com\/es\/wp-json\/wp\/v2\/media?parent=858"}],"curies":[{"name":"wp","href":"https:\/\/api.w.org\/{rel}","templated":true}]}}